{"id":175,"date":"2024-02-02T13:48:11","date_gmt":"2024-02-02T13:48:11","guid":{"rendered":"https:\/\/dailyfresh-media.com\/?page_id=175"},"modified":"2026-02-10T16:51:46","modified_gmt":"2026-02-10T16:51:46","slug":"case-studies","status":"publish","type":"page","link":"https:\/\/dailyfresh-media.com\/en\/case-studies\/","title":{"rendered":"Case studies"},"content":{"rendered":"\t\t<div data-elementor-type=\"wp-page\" data-elementor-id=\"175\" class=\"elementor elementor-175\" data-elementor-post-type=\"page\">\n\t\t\t\t<div class=\"elementor-element elementor-element-64aba5e e-con-full e-flex e-con e-parent\" data-id=\"64aba5e\" data-element_type=\"container\" data-e-type=\"container\">\n\t\t\t\t<div class=\"elementor-element elementor-element-48ff855 elementor-widget elementor-widget-deensimc-smooth-text\" data-id=\"48ff855\" data-element_type=\"widget\" data-e-type=\"widget\" data-widget_type=\"deensimc-smooth-text.default\">\n\t\t\t\t<div class=\"elementor-widget-container\">\n\t\t\t\t\t\t\t<div class=\"deensimc-marquee-main-container deensimc-text-marquee\n\t\t\"\n\t\t\tdata-marquee-speed=\"8\"\n\t\t\tdata-track-fill=\"yes\"\n\t\t\tdata-track-item-selector=\".deensimc-text-wrapper\"\n\t\t\tdata-track-target-horizontal=\"2560\"\t\t\t>\n\t\t\t<div class=\"deensimc-marquee-track-wrapper\">\n\t\t\t\t<div class=\"deensimc-marquee-track\">\n\t\t\t\t\t\t\t\t<div class=\"deensimc-text-wrapper\" aria-hidden=\"false\">\n\t\t\t\t<svg xmlns=\"http:\/\/www.w3.org\/2000\/svg\" id=\"Calque_2\" data-name=\"Calque 2\" viewBox=\"0 0 757.46 757.46\"><defs><style>      .forme2-cls-1 {        stroke-width: 0px;      }    <\/style><\/defs><g id=\"Calque_1-2\" data-name=\"Calque 1\"><circle class=\"forme2-cls-1\" cx=\"378.73\" cy=\"378.73\" r=\"378.73\"><\/circle><\/g><\/svg>\t\t\t\t\t\t\t\t\t<p class=\"deensimc-scroll-text\">\n\t\t\t\t\t\tNos \u00e9tudes de cas\t\t\t\t\t<\/p>\n\t\t\t\t\t\t\t<\/div>\n\t\t\t\t\t\t<\/div>\n\t\t\t\t<div aria-hidden=\"true\" class=\"deensimc-marquee-track\">\n\t\t\t\t\t\t\t\t<div class=\"deensimc-text-wrapper\" aria-hidden=\"false\">\n\t\t\t\t<svg xmlns=\"http:\/\/www.w3.org\/2000\/svg\" id=\"Calque_2\" data-name=\"Calque 2\" viewBox=\"0 0 757.46 757.46\"><defs><style>      .forme2-cls-1 {        stroke-width: 0px;      }    <\/style><\/defs><g id=\"Calque_1-2\" data-name=\"Calque 1\"><circle class=\"forme2-cls-1\" cx=\"378.73\" cy=\"378.73\" r=\"378.73\"><\/circle><\/g><\/svg>\t\t\t\t\t\t\t\t\t<p class=\"deensimc-scroll-text\">\n\t\t\t\t\t\tNos \u00e9tudes de cas\t\t\t\t\t<\/p>\n\t\t\t\t\t\t\t<\/div>\n\t\t\t\t\t\t<\/div>\n\t\t\t<\/div>\n\t\t<\/div>\n\t\t\t\t<\/div>\n\t\t\t\t<\/div>\n\t\t\t\t<noscript>\n\t\t\t<div class=\"deensimc-noscript-notice\" role=\"note\">\n\t\t\t\tThis section requires JavaScript to load properly. Please enable JavaScript in your browser and reload the page.\t\t\t<\/div>\n\t\t<\/noscript>\n\t\t<\/div>\n\t\t<div class=\"elementor-element elementor-element-60e438c e-flex e-con-boxed e-con e-parent\" data-id=\"60e438c\" data-element_type=\"container\" data-e-type=\"container\" data-settings=\"{&quot;background_background&quot;:&quot;classic&quot;}\">\n\t\t\t\t\t<div class=\"e-con-inner\">\n\t\t\t\t<div class=\"elementor-element elementor-element-9f39734 elementor-pagination-type-bullets elementor-pagination-position-outside elementor-widget elementor-widget-n-carousel\" data-id=\"9f39734\" data-element_type=\"widget\" data-e-type=\"widget\" data-settings=\"{&quot;carousel_items&quot;:[{&quot;_id&quot;:&quot;7ba8496&quot;,&quot;slide_title&quot;:&quot;Petzl&quot;},{&quot;slide_title&quot;:&quot;Julbo&quot;,&quot;_id&quot;:&quot;1bc0d06&quot;},{&quot;slide_title&quot;:&quot;Julbo&quot;,&quot;_id&quot;:&quot;a6b88b6&quot;}],&quot;slides_to_show&quot;:&quot;2&quot;,&quot;slides_to_scroll&quot;:&quot;1&quot;,&quot;image_spacing_custom&quot;:{&quot;unit&quot;:&quot;px&quot;,&quot;size&quot;:32,&quot;sizes&quot;:[]},&quot;speed&quot;:600,&quot;slides_to_show_tablet&quot;:&quot;1&quot;,&quot;offset_sides&quot;:&quot;both&quot;,&quot;offset_width&quot;:{&quot;unit&quot;:&quot;px&quot;,&quot;size&quot;:0,&quot;sizes&quot;:[]},&quot;offset_width_tablet&quot;:{&quot;unit&quot;:&quot;px&quot;,&quot;size&quot;:64,&quot;sizes&quot;:[]},&quot;offset_width_mobile&quot;:{&quot;unit&quot;:&quot;px&quot;,&quot;size&quot;:32,&quot;sizes&quot;:[]},&quot;image_spacing_custom_mobile&quot;:{&quot;unit&quot;:&quot;px&quot;,&quot;size&quot;:16,&quot;sizes&quot;:[]},&quot;slides_to_show_mobile&quot;:&quot;1&quot;,&quot;autoplay&quot;:&quot;yes&quot;,&quot;autoplay_speed&quot;:5000,&quot;pause_on_hover&quot;:&quot;yes&quot;,&quot;pause_on_interaction&quot;:&quot;yes&quot;,&quot;infinite&quot;:&quot;yes&quot;,&quot;pagination&quot;:&quot;bullets&quot;,&quot;image_spacing_custom_tablet&quot;:{&quot;unit&quot;:&quot;px&quot;,&quot;size&quot;:&quot;&quot;,&quot;sizes&quot;:[]}}\" data-widget_type=\"nested-carousel.default\">\n\t\t\t\t\t\t\t<div class=\"e-n-carousel swiper\" role=\"region\" aria-roledescription=\"carousel\" aria-label=\"T\u00e9moignages\" dir=\"ltr\">\n\t\t\t<div class=\"swiper-wrapper\" aria-live=\"off\">\n\t\t\t\t\t\t\t\t\t\t<div class=\"swiper-slide\" data-slide=\"1\" role=\"group\" aria-roledescription=\"slide\" aria-label=\"1 of 3\">\n\t\t\t\t\t\t\t<div class=\"elementor-element elementor-element-f033c14 e-con-full e-flex e-con e-child\" data-id=\"f033c14\" data-element_type=\"container\" data-e-type=\"container\">\n\t\t<a class=\"elementor-element elementor-element-2a14973 e-con-full etudes-cas e-flex e-con e-child\" data-id=\"2a14973\" data-element_type=\"container\" data-e-type=\"container\" data-settings=\"{&quot;background_background&quot;:&quot;classic&quot;}\" href=\"https:\/\/dailyfresh-media.com\/en\/case-studies\/petzl\/\">\n\t\t\t\t<div class=\"elementor-element elementor-element-404052e etudes-cas-img elementor-widget elementor-widget-image\" data-id=\"404052e\" data-element_type=\"widget\" data-e-type=\"widget\" data-widget_type=\"image.default\">\n\t\t\t\t\t\t\t\t\t\t\t\t\t\t\t<img fetchpriority=\"high\" decoding=\"async\" width=\"401\" height=\"385\" src=\"https:\/\/dailyfresh-media.com\/wp-content\/uploads\/2025\/11\/ELEMENTS_petzl.png\" class=\"attachment-large size-large wp-image-2157\" alt=\"\" srcset=\"https:\/\/dailyfresh-media.com\/wp-content\/uploads\/2025\/11\/ELEMENTS_petzl.png 401w, https:\/\/dailyfresh-media.com\/wp-content\/uploads\/2025\/11\/ELEMENTS_petzl-300x288.png 300w\" sizes=\"(max-width: 401px) 100vw, 401px\" \/>\t\t\t\t\t\t\t\t\t\t\t\t\t\t\t<\/div>\n\t\t<div class=\"elementor-element elementor-element-528f26b e-con-full etudes-cas-contenu e-flex e-con e-child\" data-id=\"528f26b\" data-element_type=\"container\" data-e-type=\"container\" data-settings=\"{&quot;position&quot;:&quot;absolute&quot;}\">\n\t\t\t\t<div class=\"elementor-element elementor-element-e89c3f2 elementor-widget elementor-widget-heading\" data-id=\"e89c3f2\" data-element_type=\"widget\" data-e-type=\"widget\" data-widget_type=\"heading.default\">\n\t\t\t\t\t<h2 class=\"elementor-heading-title elementor-size-default\">PETZL<\/h2>\t\t\t\t<\/div>\n\t\t<div class=\"elementor-element elementor-element-7d275d6 e-con-full e-flex e-con e-child\" data-id=\"7d275d6\" data-element_type=\"container\" data-e-type=\"container\">\n\t\t\t\t<div class=\"elementor-element elementor-element-4158144 elementor-widget elementor-widget-heading\" data-id=\"4158144\" data-element_type=\"widget\" data-e-type=\"widget\" data-widget_type=\"heading.default\">\n\t\t\t\t\t<p class=\"elementor-heading-title elementor-size-default\">Cr\u00e9ation graphique<\/p>\t\t\t\t<\/div>\n\t\t\t\t<div class=\"elementor-element elementor-element-a488a51 elementor-widget elementor-widget-heading\" data-id=\"a488a51\" data-element_type=\"widget\" data-e-type=\"widget\" data-widget_type=\"heading.default\">\n\t\t\t\t\t<p class=\"elementor-heading-title elementor-size-default\">D\u00e9ploiement<\/p>\t\t\t\t<\/div>\n\t\t\t\t<div class=\"elementor-element elementor-element-7008cfe elementor-widget elementor-widget-heading\" data-id=\"7008cfe\" data-element_type=\"widget\" data-e-type=\"widget\" data-widget_type=\"heading.default\">\n\t\t\t\t\t<p class=\"elementor-heading-title elementor-size-default\">Conseil<\/p>\t\t\t\t<\/div>\n\t\t\t\t<\/div>\n\t\t\t\t<\/div>\n\t\t\t\t<\/a>\n\t\t\t\t<\/div>\n\t\t\t\t\t\t\t\t<\/div>\n\t\t\t\t\t\t\t\t\t\t\t<div class=\"swiper-slide\" data-slide=\"2\" role=\"group\" aria-roledescription=\"slide\" aria-label=\"2 of 3\">\n\t\t\t\t\t\t\t<div class=\"elementor-element elementor-element-4862fc8 e-con-full e-flex e-con e-child\" data-id=\"4862fc8\" data-element_type=\"container\" data-e-type=\"container\">\n\t\t<a class=\"elementor-element elementor-element-263a7af e-con-full etudes-cas e-flex e-con e-child\" data-id=\"263a7af\" data-element_type=\"container\" data-e-type=\"container\" data-settings=\"{&quot;background_background&quot;:&quot;classic&quot;}\" href=\"https:\/\/dailyfresh-media.com\/en\/case-studies\/julbo\/\">\n\t\t\t\t<div class=\"elementor-element elementor-element-05ba2ad etudes-cas-img elementor-widget__width-inherit elementor-widget elementor-widget-image\" data-id=\"05ba2ad\" data-element_type=\"widget\" data-e-type=\"widget\" data-widget_type=\"image.default\">\n\t\t\t\t\t\t\t\t\t\t\t\t\t\t\t<img decoding=\"async\" width=\"537\" height=\"381\" src=\"https:\/\/dailyfresh-media.com\/wp-content\/uploads\/2026\/01\/ELEMENTS_julbo.png\" class=\"attachment-full size-full wp-image-3111\" alt=\"\" srcset=\"https:\/\/dailyfresh-media.com\/wp-content\/uploads\/2026\/01\/ELEMENTS_julbo.png 537w, https:\/\/dailyfresh-media.com\/wp-content\/uploads\/2026\/01\/ELEMENTS_julbo-300x213.png 300w, https:\/\/dailyfresh-media.com\/wp-content\/uploads\/2026\/01\/ELEMENTS_julbo-18x12.png 18w\" sizes=\"(max-width: 537px) 100vw, 537px\" \/>\t\t\t\t\t\t\t\t\t\t\t\t\t\t\t<\/div>\n\t\t<div class=\"elementor-element elementor-element-781878b e-con-full etudes-cas-contenu e-flex e-con e-child\" data-id=\"781878b\" data-element_type=\"container\" data-e-type=\"container\" data-settings=\"{&quot;position&quot;:&quot;absolute&quot;}\">\n\t\t\t\t<div class=\"elementor-element elementor-element-377baa9 elementor-widget elementor-widget-heading\" data-id=\"377baa9\" data-element_type=\"widget\" data-e-type=\"widget\" data-widget_type=\"heading.default\">\n\t\t\t\t\t<h2 class=\"elementor-heading-title elementor-size-default\">JULBO<\/h2>\t\t\t\t<\/div>\n\t\t<div class=\"elementor-element elementor-element-4ab1d80 e-con-full e-flex e-con e-child\" data-id=\"4ab1d80\" data-element_type=\"container\" data-e-type=\"container\">\n\t\t\t\t<div class=\"elementor-element elementor-element-2db6c6a elementor-widget elementor-widget-heading\" data-id=\"2db6c6a\" data-element_type=\"widget\" data-e-type=\"widget\" data-widget_type=\"heading.default\">\n\t\t\t\t\t<p class=\"elementor-heading-title elementor-size-default\">Cr\u00e9ation graphique<\/p>\t\t\t\t<\/div>\n\t\t\t\t<div class=\"elementor-element elementor-element-4625da4 elementor-widget elementor-widget-heading\" data-id=\"4625da4\" data-element_type=\"widget\" data-e-type=\"widget\" data-widget_type=\"heading.default\">\n\t\t\t\t\t<p class=\"elementor-heading-title elementor-size-default\">D\u00e9ploiement<\/p>\t\t\t\t<\/div>\n\t\t\t\t<div class=\"elementor-element elementor-element-d286617 elementor-widget elementor-widget-heading\" data-id=\"d286617\" data-element_type=\"widget\" data-e-type=\"widget\" data-widget_type=\"heading.default\">\n\t\t\t\t\t<p class=\"elementor-heading-title elementor-size-default\">Conseil<\/p>\t\t\t\t<\/div>\n\t\t\t\t<\/div>\n\t\t\t\t<\/div>\n\t\t\t\t<\/a>\n\t\t\t\t<\/div>\n\t\t\t\t\t\t\t\t<\/div>\n\t\t\t\t\t\t\t\t\t\t\t<div class=\"swiper-slide\" data-slide=\"3\" role=\"group\" aria-roledescription=\"slide\" aria-label=\"3 of 3\">\n\t\t\t\t\t\t\t<div class=\"elementor-element elementor-element-8c3779f e-con-full e-flex e-con e-child\" data-id=\"8c3779f\" data-element_type=\"container\" data-e-type=\"container\">\n\t\t<a class=\"elementor-element elementor-element-17b5673 e-con-full etudes-cas e-flex e-con e-child\" data-id=\"17b5673\" data-element_type=\"container\" data-e-type=\"container\" data-settings=\"{&quot;background_background&quot;:&quot;classic&quot;}\" href=\"https:\/\/dailyfresh-media.com\/en\/case-studies\/alpes-is-here\/\">\n\t\t\t\t<div class=\"elementor-element elementor-element-fbeef6e etudes-cas-img elementor-widget__width-inherit elementor-widget elementor-widget-image\" data-id=\"fbeef6e\" data-element_type=\"widget\" data-e-type=\"widget\" data-widget_type=\"image.default\">\n\t\t\t\t\t\t\t\t\t\t\t\t\t\t\t<img decoding=\"async\" width=\"537\" height=\"381\" src=\"https:\/\/dailyfresh-media.com\/wp-content\/uploads\/2026\/01\/ELEMENTS_AIH.png\" class=\"attachment-full size-full wp-image-3113\" alt=\"\" srcset=\"https:\/\/dailyfresh-media.com\/wp-content\/uploads\/2026\/01\/ELEMENTS_AIH.png 537w, https:\/\/dailyfresh-media.com\/wp-content\/uploads\/2026\/01\/ELEMENTS_AIH-300x213.png 300w, https:\/\/dailyfresh-media.com\/wp-content\/uploads\/2026\/01\/ELEMENTS_AIH-18x12.png 18w\" sizes=\"(max-width: 537px) 100vw, 537px\" \/>\t\t\t\t\t\t\t\t\t\t\t\t\t\t\t<\/div>\n\t\t<div class=\"elementor-element elementor-element-13950ff e-con-full etudes-cas-contenu e-flex e-con e-child\" data-id=\"13950ff\" data-element_type=\"container\" data-e-type=\"container\" data-settings=\"{&quot;position&quot;:&quot;absolute&quot;}\">\n\t\t\t\t<div class=\"elementor-element elementor-element-6bbbcb0 elementor-widget elementor-widget-heading\" data-id=\"6bbbcb0\" data-element_type=\"widget\" data-e-type=\"widget\" data-widget_type=\"heading.default\">\n\t\t\t\t\t<h2 class=\"elementor-heading-title elementor-size-default\">ALPES IS HERE<\/h2>\t\t\t\t<\/div>\n\t\t<div class=\"elementor-element elementor-element-0f9512e e-con-full e-flex e-con e-child\" data-id=\"0f9512e\" data-element_type=\"container\" data-e-type=\"container\">\n\t\t\t\t<div class=\"elementor-element elementor-element-21d0da8 elementor-widget elementor-widget-heading\" data-id=\"21d0da8\" data-element_type=\"widget\" data-e-type=\"widget\" data-widget_type=\"heading.default\">\n\t\t\t\t\t<p class=\"elementor-heading-title elementor-size-default\">Cr\u00e9ation graphique<\/p>\t\t\t\t<\/div>\n\t\t\t\t<div class=\"elementor-element elementor-element-55470cf elementor-widget elementor-widget-heading\" data-id=\"55470cf\" data-element_type=\"widget\" data-e-type=\"widget\" data-widget_type=\"heading.default\">\n\t\t\t\t\t<p class=\"elementor-heading-title elementor-size-default\">D\u00e9ploiement<\/p>\t\t\t\t<\/div>\n\t\t\t\t<div class=\"elementor-element elementor-element-a65d67a elementor-widget elementor-widget-heading\" data-id=\"a65d67a\" data-element_type=\"widget\" data-e-type=\"widget\" data-widget_type=\"heading.default\">\n\t\t\t\t\t<p class=\"elementor-heading-title elementor-size-default\">Conseil<\/p>\t\t\t\t<\/div>\n\t\t\t\t<\/div>\n\t\t\t\t<\/div>\n\t\t\t\t<\/a>\n\t\t\t\t<\/div>\n\t\t\t\t\t\t\t\t<\/div>\n\t\t\t\t\t\t\t\t<\/div>\n\t\t<\/div>\n\t\t\t\t\t<div class=\"swiper-pagination\"><\/div>\n\t\t\t\t\t\t<\/div>\n\t\t\t\t\t<\/div>\n\t\t\t\t<\/div>\n\t\t<div class=\"elementor-element elementor-element-25901fd e-con-full e-flex e-con e-parent\" data-id=\"25901fd\" data-element_type=\"container\" data-e-type=\"container\">\n\t\t<a class=\"elementor-element elementor-element-03b1891 edc e-flex e-con-boxed e-con e-child\" data-id=\"03b1891\" data-element_type=\"container\" data-e-type=\"container\" data-settings=\"{&quot;background_background&quot;:&quot;classic&quot;}\" href=\"https:\/\/dailyfresh-media.com\/en\/case-studies\/arcteryx\/\">\n\t\t\t\t\t<div class=\"e-con-inner\">\n\t\t\t\t<div class=\"elementor-element elementor-element-fa0baca elementor-widget-mobile__width-inherit edc-titre elementor-widget elementor-widget-heading\" data-id=\"fa0baca\" data-element_type=\"widget\" data-e-type=\"widget\" data-widget_type=\"heading.default\">\n\t\t\t\t\t<h2 class=\"elementor-heading-title elementor-size-default\">ARC'TERYX<\/h2>\t\t\t\t<\/div>\n\t\t<div class=\"elementor-element elementor-element-54fc01b e-con-full e-flex e-con e-child\" data-id=\"54fc01b\" data-element_type=\"container\" data-e-type=\"container\">\n\t\t\t\t<div class=\"elementor-element elementor-element-665f3fc edc-service elementor-widget elementor-widget-heading\" data-id=\"665f3fc\" data-element_type=\"widget\" data-e-type=\"widget\" data-widget_type=\"heading.default\">\n\t\t\t\t\t<p class=\"elementor-heading-title elementor-size-default\">Cr\u00e9ation graphique<\/p>\t\t\t\t<\/div>\n\t\t\t\t<div class=\"elementor-element elementor-element-cc3a588 edc-service elementor-widget elementor-widget-heading\" data-id=\"cc3a588\" data-element_type=\"widget\" data-e-type=\"widget\" data-widget_type=\"heading.default\">\n\t\t\t\t\t<p class=\"elementor-heading-title elementor-size-default\">D\u00e9ploiement<\/p>\t\t\t\t<\/div>\n\t\t\t\t<div class=\"elementor-element elementor-element-7e0c68d edc-service elementor-widget elementor-widget-heading\" data-id=\"7e0c68d\" data-element_type=\"widget\" data-e-type=\"widget\" data-widget_type=\"heading.default\">\n\t\t\t\t\t<p class=\"elementor-heading-title elementor-size-default\">Conseil<\/p>\t\t\t\t<\/div>\n\t\t\t\t<\/div>\n\t\t\t\t\t<\/div>\n\t\t\t\t<\/a>\n\t\t<a class=\"elementor-element elementor-element-7a0a7b6 edc e-flex e-con-boxed e-con e-child\" data-id=\"7a0a7b6\" data-element_type=\"container\" data-e-type=\"container\" data-settings=\"{&quot;background_background&quot;:&quot;classic&quot;}\" href=\"https:\/\/dailyfresh-media.com\/en\/case-studies\/garmin\/\">\n\t\t\t\t\t<div class=\"e-con-inner\">\n\t\t\t\t<div class=\"elementor-element elementor-element-6cbb7c5 elementor-widget-mobile__width-inherit edc-titre elementor-widget elementor-widget-heading\" data-id=\"6cbb7c5\" data-element_type=\"widget\" data-e-type=\"widget\" data-widget_type=\"heading.default\">\n\t\t\t\t\t<h2 class=\"elementor-heading-title elementor-size-default\">GARMIN<\/h2>\t\t\t\t<\/div>\n\t\t<div class=\"elementor-element elementor-element-8d8f0ee e-con-full e-flex e-con e-child\" data-id=\"8d8f0ee\" data-element_type=\"container\" data-e-type=\"container\">\n\t\t\t\t<div class=\"elementor-element elementor-element-bb9d74e edc-service elementor-widget elementor-widget-heading\" data-id=\"bb9d74e\" data-element_type=\"widget\" data-e-type=\"widget\" data-widget_type=\"heading.default\">\n\t\t\t\t\t<p class=\"elementor-heading-title elementor-size-default\">Cr\u00e9ation graphique<\/p>\t\t\t\t<\/div>\n\t\t\t\t<div class=\"elementor-element elementor-element-e3616e5 edc-service elementor-widget elementor-widget-heading\" data-id=\"e3616e5\" data-element_type=\"widget\" data-e-type=\"widget\" data-widget_type=\"heading.default\">\n\t\t\t\t\t<p class=\"elementor-heading-title elementor-size-default\">D\u00e9ploiement<\/p>\t\t\t\t<\/div>\n\t\t\t\t<div class=\"elementor-element elementor-element-b8f5c2e edc-service elementor-widget elementor-widget-heading\" data-id=\"b8f5c2e\" data-element_type=\"widget\" data-e-type=\"widget\" data-widget_type=\"heading.default\">\n\t\t\t\t\t<p class=\"elementor-heading-title elementor-size-default\">Conseil<\/p>\t\t\t\t<\/div>\n\t\t\t\t<\/div>\n\t\t\t\t\t<\/div>\n\t\t\t\t<\/a>\n\t\t<a class=\"elementor-element elementor-element-683d924 edc e-flex e-con-boxed e-con e-child\" data-id=\"683d924\" data-element_type=\"container\" data-e-type=\"container\" data-settings=\"{&quot;background_background&quot;:&quot;classic&quot;}\" href=\"https:\/\/dailyfresh-media.com\/en\/case-studies\/kiprun\/\">\n\t\t\t\t\t<div class=\"e-con-inner\">\n\t\t\t\t<div class=\"elementor-element elementor-element-c0b65d9 elementor-widget-mobile__width-inherit edc-titre elementor-widget elementor-widget-heading\" data-id=\"c0b65d9\" data-element_type=\"widget\" data-e-type=\"widget\" data-widget_type=\"heading.default\">\n\t\t\t\t\t<h2 class=\"elementor-heading-title elementor-size-default\">KIPRUN<\/h2>\t\t\t\t<\/div>\n\t\t<div class=\"elementor-element elementor-element-7f4b86b e-con-full e-flex e-con e-child\" data-id=\"7f4b86b\" data-element_type=\"container\" data-e-type=\"container\">\n\t\t\t\t<div class=\"elementor-element elementor-element-71af069 edc-service elementor-widget elementor-widget-heading\" data-id=\"71af069\" data-element_type=\"widget\" data-e-type=\"widget\" data-widget_type=\"heading.default\">\n\t\t\t\t\t<p class=\"elementor-heading-title elementor-size-default\">Cr\u00e9ation graphique<\/p>\t\t\t\t<\/div>\n\t\t\t\t<div class=\"elementor-element elementor-element-92b280c edc-service elementor-widget elementor-widget-heading\" data-id=\"92b280c\" data-element_type=\"widget\" data-e-type=\"widget\" data-widget_type=\"heading.default\">\n\t\t\t\t\t<p class=\"elementor-heading-title elementor-size-default\">D\u00e9ploiement<\/p>\t\t\t\t<\/div>\n\t\t\t\t<div class=\"elementor-element elementor-element-c923903 edc-service elementor-widget elementor-widget-heading\" data-id=\"c923903\" data-element_type=\"widget\" data-e-type=\"widget\" data-widget_type=\"heading.default\">\n\t\t\t\t\t<p class=\"elementor-heading-title elementor-size-default\">Conseil<\/p>\t\t\t\t<\/div>\n\t\t\t\t<\/div>\n\t\t\t\t\t<\/div>\n\t\t\t\t<\/a>\n\t\t<a class=\"elementor-element elementor-element-e930189 edc e-flex e-con-boxed e-con e-child\" data-id=\"e930189\" data-element_type=\"container\" data-e-type=\"container\" data-settings=\"{&quot;background_background&quot;:&quot;classic&quot;}\" href=\"https:\/\/dailyfresh-media.com\/en\/case-studies\/nacon\/\">\n\t\t\t\t\t<div class=\"e-con-inner\">\n\t\t\t\t<div class=\"elementor-element elementor-element-b6e1d3b elementor-widget-mobile__width-inherit edc-titre elementor-widget elementor-widget-heading\" data-id=\"b6e1d3b\" data-element_type=\"widget\" data-e-type=\"widget\" data-widget_type=\"heading.default\">\n\t\t\t\t\t<h2 class=\"elementor-heading-title elementor-size-default\">NACON<\/h2>\t\t\t\t<\/div>\n\t\t<div class=\"elementor-element elementor-element-06ea2fe e-con-full e-flex e-con e-child\" data-id=\"06ea2fe\" data-element_type=\"container\" data-e-type=\"container\">\n\t\t\t\t<div class=\"elementor-element elementor-element-57157c0 edc-service elementor-widget elementor-widget-heading\" data-id=\"57157c0\" data-element_type=\"widget\" data-e-type=\"widget\" data-widget_type=\"heading.default\">\n\t\t\t\t\t<p class=\"elementor-heading-title elementor-size-default\">Cr\u00e9ation graphique<\/p>\t\t\t\t<\/div>\n\t\t\t\t<div class=\"elementor-element elementor-element-1070b37 edc-service elementor-widget elementor-widget-heading\" data-id=\"1070b37\" data-element_type=\"widget\" data-e-type=\"widget\" data-widget_type=\"heading.default\">\n\t\t\t\t\t<p class=\"elementor-heading-title elementor-size-default\">D\u00e9ploiement<\/p>\t\t\t\t<\/div>\n\t\t\t\t<div class=\"elementor-element elementor-element-ef3107d edc-service elementor-widget elementor-widget-heading\" data-id=\"ef3107d\" data-element_type=\"widget\" data-e-type=\"widget\" data-widget_type=\"heading.default\">\n\t\t\t\t\t<p class=\"elementor-heading-title elementor-size-default\">Conseil<\/p>\t\t\t\t<\/div>\n\t\t\t\t<\/div>\n\t\t\t\t\t<\/div>\n\t\t\t\t<\/a>\n\t\t<a class=\"elementor-element elementor-element-fc7e99a edc e-flex e-con-boxed e-con e-child\" data-id=\"fc7e99a\" data-element_type=\"container\" data-e-type=\"container\" data-settings=\"{&quot;background_background&quot;:&quot;classic&quot;}\" href=\"https:\/\/dailyfresh-media.com\/en\/case-studies\/new-balance\/\">\n\t\t\t\t\t<div class=\"e-con-inner\">\n\t\t\t\t<div class=\"elementor-element elementor-element-ac66b18 elementor-widget-mobile__width-inherit edc-titre elementor-widget elementor-widget-heading\" data-id=\"ac66b18\" data-element_type=\"widget\" data-e-type=\"widget\" data-widget_type=\"heading.default\">\n\t\t\t\t\t<h2 class=\"elementor-heading-title elementor-size-default\">NEW BALANCE<\/h2>\t\t\t\t<\/div>\n\t\t<div class=\"elementor-element elementor-element-ad5ade3 e-con-full e-flex e-con e-child\" data-id=\"ad5ade3\" data-element_type=\"container\" data-e-type=\"container\">\n\t\t\t\t<div class=\"elementor-element elementor-element-6a64c5d edc-service elementor-widget elementor-widget-heading\" data-id=\"6a64c5d\" data-element_type=\"widget\" data-e-type=\"widget\" data-widget_type=\"heading.default\">\n\t\t\t\t\t<p class=\"elementor-heading-title elementor-size-default\">Cr\u00e9ation graphique<\/p>\t\t\t\t<\/div>\n\t\t\t\t<div class=\"elementor-element elementor-element-7513c32 edc-service elementor-widget elementor-widget-heading\" data-id=\"7513c32\" data-element_type=\"widget\" data-e-type=\"widget\" data-widget_type=\"heading.default\">\n\t\t\t\t\t<p class=\"elementor-heading-title elementor-size-default\">D\u00e9ploiement<\/p>\t\t\t\t<\/div>\n\t\t\t\t<div class=\"elementor-element elementor-element-2f984e3 edc-service elementor-widget elementor-widget-heading\" data-id=\"2f984e3\" data-element_type=\"widget\" data-e-type=\"widget\" data-widget_type=\"heading.default\">\n\t\t\t\t\t<p class=\"elementor-heading-title elementor-size-default\">Conseil<\/p>\t\t\t\t<\/div>\n\t\t\t\t<\/div>\n\t\t\t\t\t<\/div>\n\t\t\t\t<\/a>\n\t\t\t\t<\/div>\n\t\t\t\t<\/div>\n\t\t","protected":false},"excerpt":{"rendered":"<p>Nos \u00e9tudes de cas Nos \u00e9tudes de cas Nos \u00e9tudes de cas Nos \u00e9tudes de cas Nos \u00e9tudes de cas Nos \u00e9tudes de cas Nos \u00e9tudes de cas Nos \u00e9tudes de cas Nos \u00e9tudes de cas Nos \u00e9tudes de cas Nos \u00e9tudes de cas Nos \u00e9tudes de cas PETZL Cr\u00e9ation graphique D\u00e9ploiement Conseil JULBO Cr\u00e9ation [&hellip;]<\/p>\n","protected":false},"author":1,"featured_media":0,"parent":0,"menu_order":0,"comment_status":"closed","ping_status":"closed","template":"","meta":{"footnotes":""},"class_list":["post-175","page","type-page","status-publish","hentry"],"_links":{"self":[{"href":"https:\/\/dailyfresh-media.com\/en\/wp-json\/wp\/v2\/pages\/175","targetHints":{"allow":["GET"]}}],"collection":[{"href":"https:\/\/dailyfresh-media.com\/en\/wp-json\/wp\/v2\/pages"}],"about":[{"href":"https:\/\/dailyfresh-media.com\/en\/wp-json\/wp\/v2\/types\/page"}],"author":[{"embeddable":true,"href":"https:\/\/dailyfresh-media.com\/en\/wp-json\/wp\/v2\/users\/1"}],"replies":[{"embeddable":true,"href":"https:\/\/dailyfresh-media.com\/en\/wp-json\/wp\/v2\/comments?post=175"}],"version-history":[{"count":3,"href":"https:\/\/dailyfresh-media.com\/en\/wp-json\/wp\/v2\/pages\/175\/revisions"}],"predecessor-version":[{"id":3252,"href":"https:\/\/dailyfresh-media.com\/en\/wp-json\/wp\/v2\/pages\/175\/revisions\/3252"}],"wp:attachment":[{"href":"https:\/\/dailyfresh-media.com\/en\/wp-json\/wp\/v2\/media?parent=175"}],"curies":[{"name":"wp","href":"https:\/\/api.w.org\/{rel}","templated":true}]}}