{"id":180,"date":"2024-02-02T13:52:26","date_gmt":"2024-02-02T13:52:26","guid":{"rendered":"https:\/\/dailyfresh-media.com\/?page_id=180"},"modified":"2026-02-11T15:55:08","modified_gmt":"2026-02-11T15:55:08","slug":"agency","status":"publish","type":"page","link":"https:\/\/dailyfresh-media.com\/en\/agency\/","title":{"rendered":"The agency"},"content":{"rendered":"<div data-elementor-type=\"wp-page\" data-elementor-id=\"180\" class=\"elementor elementor-180\" data-elementor-post-type=\"page\">\n\t\t\t\t<div class=\"elementor-element elementor-element-6a346f3 e-con-full e-flex e-con e-parent\" data-id=\"6a346f3\" data-element_type=\"container\" data-e-type=\"container\" data-settings=\"{&quot;background_background&quot;:&quot;classic&quot;}\">\n\t\t<div class=\"elementor-element elementor-element-191f685 e-con-full e-flex e-con e-child\" data-id=\"191f685\" data-element_type=\"container\" data-e-type=\"container\" data-settings=\"{&quot;background_background&quot;:&quot;classic&quot;}\">\n\t\t\t\t<div class=\"elementor-element elementor-element-1d5695f elementor-widget elementor-widget-spacer\" data-id=\"1d5695f\" data-element_type=\"widget\" data-e-type=\"widget\" data-widget_type=\"spacer.default\">\n\t\t\t\t\t\t\t<div class=\"elementor-spacer\">\n\t\t\t<div class=\"elementor-spacer-inner\"><\/div>\n\t\t<\/div>\n\t\t\t\t\t\t<\/div>\n\t\t\t\t<\/div>\n\t\t\t\t<div class=\"elementor-element elementor-element-edd9c64 elementor-widget__width-initial elementor-widget-tablet__width-inherit elementor-widget elementor-widget-image\" data-id=\"edd9c64\" data-element_type=\"widget\" data-e-type=\"widget\" data-widget_type=\"image.default\">\n\t\t\t\t\t\t\t\t\t\t\t\t\t\t\t<img fetchpriority=\"high\" decoding=\"async\" width=\"1141\" height=\"54\" src=\"https:\/\/dailyfresh-media.com\/wp-content\/uploads\/2026\/01\/AGENCE_0-1-2.png\" class=\"attachment-full size-full wp-image-3092\" alt=\"\" srcset=\"https:\/\/dailyfresh-media.com\/wp-content\/uploads\/2026\/01\/AGENCE_0-1-2.png 1141w, https:\/\/dailyfresh-media.com\/wp-content\/uploads\/2026\/01\/AGENCE_0-1-2-300x14.png 300w, https:\/\/dailyfresh-media.com\/wp-content\/uploads\/2026\/01\/AGENCE_0-1-2-1024x48.png 1024w, https:\/\/dailyfresh-media.com\/wp-content\/uploads\/2026\/01\/AGENCE_0-1-2-768x36.png 768w, https:\/\/dailyfresh-media.com\/wp-content\/uploads\/2026\/01\/AGENCE_0-1-2-18x1.png 18w\" sizes=\"(max-width: 1141px) 100vw, 1141px\" \/>\t\t\t\t\t\t\t\t\t\t\t\t\t\t\t<\/div>\n\t\t<div class=\"elementor-element elementor-element-5111b37 e-con-full e-flex e-con e-child\" data-id=\"5111b37\" data-element_type=\"container\" data-e-type=\"container\" data-settings=\"{&quot;background_background&quot;:&quot;classic&quot;}\">\n\t\t\t\t<div class=\"elementor-element elementor-element-a66a6ee elementor-widget elementor-widget-spacer\" data-id=\"a66a6ee\" data-element_type=\"widget\" data-e-type=\"widget\" data-widget_type=\"spacer.default\">\n\t\t\t\t\t\t\t<div class=\"elementor-spacer\">\n\t\t\t<div class=\"elementor-spacer-inner\"><\/div>\n\t\t<\/div>\n\t\t\t\t\t\t<\/div>\n\t\t\t\t<\/div>\n\t\t\t\t<\/div>\n\t\t<div class=\"elementor-element elementor-element-e8312f6 e-flex e-con-boxed e-con e-parent\" data-id=\"e8312f6\" data-element_type=\"container\" data-e-type=\"container\">\n\t\t\t\t\t<div class=\"e-con-inner\">\n\t\t<div class=\"elementor-element elementor-element-dceff0b e-flex e-con-boxed e-con e-child\" data-id=\"dceff0b\" data-element_type=\"container\" data-e-type=\"container\" data-settings=\"{&quot;background_background&quot;:&quot;classic&quot;}\">\n\t\t\t\t\t<div class=\"e-con-inner\">\n\t\t<div class=\"elementor-element elementor-element-4303cce e-con-full e-flex e-con e-child\" data-id=\"4303cce\" data-element_type=\"container\" data-e-type=\"container\">\n\t\t\t\t<div class=\"elementor-element elementor-element-5cc6750 elementor-widget elementor-widget-heading\" data-id=\"5cc6750\" data-element_type=\"widget\" data-e-type=\"widget\" data-widget_type=\"heading.default\">\n\t\t\t\t\t<h2 class=\"elementor-heading-title elementor-size-default\">Founded in 2011, Dailyfresh Media is an independent media agency based in Grenoble and Hossegor, specialising in omnichannel digital communication.<\/h2>\t\t\t\t<\/div>\n\t\t\t\t<div class=\"elementor-element elementor-element-2ab0dbe elementor-widget__width-initial elementor-widget-mobile__width-inherit elementor-widget elementor-widget-text-editor\" data-id=\"2ab0dbe\" data-element_type=\"widget\" data-e-type=\"widget\" data-widget_type=\"text-editor.default\">\n\t\t\t\t\t\t\t\t\t<p>The agency helps brands, tourist offices and event organisers to design, distribute and measure their digital campaigns across Europe.<\/p><p>Thanks to a strategic, data-driven and omnichannel approach, we ensure consistency between branding and performance to maximise the impact of every message.<\/p><p>Our expertise covers the entire media cycle: strategy, data, activation, creation and analysis.<\/p>\t\t\t\t\t\t\t\t<\/div>\n\t\t\t\t<\/div>\n\t\t\t\t<div class=\"elementor-element elementor-element-123e6d6 elementor-widget__width-initial elementor-widget-tablet__width-inherit elementor-widget elementor-widget-image\" data-id=\"123e6d6\" data-element_type=\"widget\" data-e-type=\"widget\" data-widget_type=\"image.default\">\n\t\t\t\t\t\t\t\t\t\t\t\t\t\t\t<img decoding=\"async\" width=\"521\" height=\"677\" src=\"https:\/\/dailyfresh-media.com\/wp-content\/uploads\/2025\/11\/AGENCE_2.png\" class=\"attachment-large size-large wp-image-2053\" alt=\"\" srcset=\"https:\/\/dailyfresh-media.com\/wp-content\/uploads\/2025\/11\/AGENCE_2.png 521w, https:\/\/dailyfresh-media.com\/wp-content\/uploads\/2025\/11\/AGENCE_2-231x300.png 231w\" sizes=\"(max-width: 521px) 100vw, 521px\" \/>\t\t\t\t\t\t\t\t\t\t\t\t\t\t\t<\/div>\n\t\t\t\t\t<\/div>\n\t\t\t\t<\/div>\n\t\t\t\t\t<\/div>\n\t\t\t\t<\/div>\n\t\t<div class=\"elementor-element elementor-element-30bef9d e-flex e-con-boxed e-con e-parent\" data-id=\"30bef9d\" data-element_type=\"container\" data-e-type=\"container\">\n\t\t\t\t\t<div class=\"e-con-inner\">\n\t\t\t\t<div class=\"elementor-element elementor-element-4e08f90 elementor-widget elementor-widget-heading\" data-id=\"4e08f90\" data-element_type=\"widget\" data-e-type=\"widget\" data-widget_type=\"heading.default\">\n\t\t\t\t\t<h2 class=\"elementor-heading-title elementor-size-default\">Our vision<\/h2>\t\t\t\t<\/div>\n\t\t\t\t<div class=\"elementor-element elementor-element-b7515b9 elementor-widget__width-initial elementor-widget-tablet__width-inherit elementor-widget elementor-widget-text-editor\" data-id=\"b7515b9\" data-element_type=\"widget\" data-e-type=\"widget\" data-widget_type=\"text-editor.default\">\n\t\t\t\t\t\t\t\t\t<p>In a constantly evolving digital ecosystem, advertising must be relevant, responsible and measurable.<br \/>We believe in communication that combines creativity and technology, strategy and agility, data and emotion.<\/p><p>At DFM, every campaign is a balance between performance and user experience.<\/p>\t\t\t\t\t\t\t\t<\/div>\n\t\t\t\t\t<\/div>\n\t\t\t\t<\/div>\n\t\t<div class=\"elementor-element elementor-element-6a1139a e-flex e-con-boxed e-con e-parent\" data-id=\"6a1139a\" data-element_type=\"container\" data-e-type=\"container\">\n\t\t\t\t\t<div class=\"e-con-inner\">\n\t\t\t\t<div class=\"elementor-element elementor-element-8a126a9 elementor-widget elementor-widget-heading\" data-id=\"8a126a9\" data-element_type=\"widget\" data-e-type=\"widget\" data-widget_type=\"heading.default\">\n\t\t\t\t\t<h2 class=\"elementor-heading-title elementor-size-default\">Our pillars<\/h2>\t\t\t\t<\/div>\n\t\t\t\t<div class=\"elementor-element elementor-element-a70792f elementor-widget elementor-widget-text-editor\" data-id=\"a70792f\" data-element_type=\"widget\" data-e-type=\"widget\" data-widget_type=\"text-editor.default\">\n\t\t\t\t\t\t\t\t\t<p>Our approach is based on four fundamentals that structure everything we do:<\/p>\t\t\t\t\t\t\t\t<\/div>\n\t\t<div class=\"elementor-element elementor-element-538db2d e-grid e-con-full e-con e-child\" data-id=\"538db2d\" data-element_type=\"container\" data-e-type=\"container\">\n\t\t<div class=\"elementor-element elementor-element-9bb6ed0 e-con-full piliers-card e-flex e-con e-child\" data-id=\"9bb6ed0\" data-element_type=\"container\" data-e-type=\"container\" data-settings=\"{&quot;background_background&quot;:&quot;classic&quot;}\">\n\t\t\t\t<div class=\"elementor-element elementor-element-5919638 piliers-forme elementor-widget elementor-widget-image\" data-id=\"5919638\" data-element_type=\"widget\" data-e-type=\"widget\" data-widget_type=\"image.default\">\n\t\t\t\t\t\t\t\t\t\t\t\t\t\t\t<img decoding=\"async\" width=\"778\" height=\"779\" src=\"https:\/\/dailyfresh-media.com\/wp-content\/uploads\/2025\/11\/notion_CREER.png\" class=\"attachment-large size-large wp-image-2034\" alt=\"\" srcset=\"https:\/\/dailyfresh-media.com\/wp-content\/uploads\/2025\/11\/notion_CREER.png 778w, https:\/\/dailyfresh-media.com\/wp-content\/uploads\/2025\/11\/notion_CREER-300x300.png 300w, https:\/\/dailyfresh-media.com\/wp-content\/uploads\/2025\/11\/notion_CREER-150x150.png 150w, https:\/\/dailyfresh-media.com\/wp-content\/uploads\/2025\/11\/notion_CREER-768x769.png 768w, https:\/\/dailyfresh-media.com\/wp-content\/uploads\/2025\/11\/elementor\/thumbs\/notion_CREER-reb50nm9zpbrslv5b16ws56e2z5cxz0q58giflqh1s.png 200w\" sizes=\"(max-width: 778px) 100vw, 778px\" \/>\t\t\t\t\t\t\t\t\t\t\t\t\t\t\t<\/div>\n\t\t\t\t<div class=\"elementor-element elementor-element-b1ed92b piliers-titre elementor-widget elementor-widget-heading\" data-id=\"b1ed92b\" data-element_type=\"widget\" data-e-type=\"widget\" data-widget_type=\"heading.default\">\n\t\t\t\t\t<h3 class=\"elementor-heading-title elementor-size-default\">Create<\/h3>\t\t\t\t<\/div>\n\t\t\t\t<div class=\"elementor-element elementor-element-efa1825 piliers-paragraphe elementor-widget elementor-widget-text-editor\" data-id=\"efa1825\" data-element_type=\"widget\" data-e-type=\"widget\" data-widget_type=\"text-editor.default\">\n\t\t\t\t\t\t\t\t\t<p>Focused on advertising attention. We create immersive experiences and optimised formats for each distribution channel, to capture and hold attention where it counts most.<\/p>\t\t\t\t\t\t\t\t<\/div>\n\t\t\t\t<\/div>\n\t\t<div class=\"elementor-element elementor-element-cd43d7d e-con-full piliers-card e-flex e-con e-child\" data-id=\"cd43d7d\" data-element_type=\"container\" data-e-type=\"container\" data-settings=\"{&quot;background_background&quot;:&quot;classic&quot;}\">\n\t\t\t\t<div class=\"elementor-element elementor-element-dacccf1 piliers-forme elementor-widget elementor-widget-image\" data-id=\"dacccf1\" data-element_type=\"widget\" data-e-type=\"widget\" data-widget_type=\"image.default\">\n\t\t\t\t\t\t\t\t\t\t\t\t\t\t\t<img loading=\"lazy\" decoding=\"async\" width=\"779\" height=\"779\" src=\"https:\/\/dailyfresh-media.com\/wp-content\/uploads\/2025\/11\/notion_CIBLER.png\" class=\"attachment-large size-large wp-image-2033\" alt=\"\" srcset=\"https:\/\/dailyfresh-media.com\/wp-content\/uploads\/2025\/11\/notion_CIBLER.png 779w, https:\/\/dailyfresh-media.com\/wp-content\/uploads\/2025\/11\/notion_CIBLER-300x300.png 300w, https:\/\/dailyfresh-media.com\/wp-content\/uploads\/2025\/11\/notion_CIBLER-150x150.png 150w, https:\/\/dailyfresh-media.com\/wp-content\/uploads\/2025\/11\/notion_CIBLER-768x768.png 768w\" sizes=\"(max-width: 779px) 100vw, 779px\" \/>\t\t\t\t\t\t\t\t\t\t\t\t\t\t\t<\/div>\n\t\t\t\t<div class=\"elementor-element elementor-element-4ce6ecb piliers-titre elementor-widget elementor-widget-heading\" data-id=\"4ce6ecb\" data-element_type=\"widget\" data-e-type=\"widget\" data-widget_type=\"heading.default\">\n\t\t\t\t\t<h3 class=\"elementor-heading-title elementor-size-default\">Target<\/h3>\t\t\t\t<\/div>\n\t\t\t\t<div class=\"elementor-element elementor-element-f4f5a8c piliers-paragraphe elementor-widget elementor-widget-text-editor\" data-id=\"f4f5a8c\" data-element_type=\"widget\" data-e-type=\"widget\" data-widget_type=\"text-editor.default\">\n\t\t\t\t\t\t\t\t\t<p>Precision for performance.<\/p><p>We combine the power of data, our expertise and artificial intelligence to turn every contact into an opportunity.<\/p>\t\t\t\t\t\t\t\t<\/div>\n\t\t\t\t<\/div>\n\t\t<div class=\"elementor-element elementor-element-5755696 e-con-full piliers-card e-flex e-con e-child\" data-id=\"5755696\" data-element_type=\"container\" data-e-type=\"container\" data-settings=\"{&quot;background_background&quot;:&quot;classic&quot;}\">\n\t\t\t\t<div class=\"elementor-element elementor-element-05eeda5 piliers-forme elementor-widget elementor-widget-image\" data-id=\"05eeda5\" data-element_type=\"widget\" data-e-type=\"widget\" data-widget_type=\"image.default\">\n\t\t\t\t\t\t\t\t\t\t\t\t\t\t\t<img loading=\"lazy\" decoding=\"async\" width=\"779\" height=\"779\" src=\"https:\/\/dailyfresh-media.com\/wp-content\/uploads\/2025\/11\/notion_DIFFUSER.png\" class=\"attachment-large size-large wp-image-2035\" alt=\"\" srcset=\"https:\/\/dailyfresh-media.com\/wp-content\/uploads\/2025\/11\/notion_DIFFUSER.png 779w, https:\/\/dailyfresh-media.com\/wp-content\/uploads\/2025\/11\/notion_DIFFUSER-300x300.png 300w, https:\/\/dailyfresh-media.com\/wp-content\/uploads\/2025\/11\/notion_DIFFUSER-150x150.png 150w, https:\/\/dailyfresh-media.com\/wp-content\/uploads\/2025\/11\/notion_DIFFUSER-768x768.png 768w\" sizes=\"(max-width: 779px) 100vw, 779px\" \/>\t\t\t\t\t\t\t\t\t\t\t\t\t\t\t<\/div>\n\t\t\t\t<div class=\"elementor-element elementor-element-cfaf8d3 piliers-titre elementor-widget elementor-widget-heading\" data-id=\"cfaf8d3\" data-element_type=\"widget\" data-e-type=\"widget\" data-widget_type=\"heading.default\">\n\t\t\t\t\t<h3 class=\"elementor-heading-title elementor-size-default\">Broadcast<\/h3>\t\t\t\t<\/div>\n\t\t\t\t<div class=\"elementor-element elementor-element-bb505ee piliers-paragraphe elementor-widget elementor-widget-text-editor\" data-id=\"bb505ee\" data-element_type=\"widget\" data-e-type=\"widget\" data-widget_type=\"text-editor.default\">\n\t\t\t\t\t\t\t\t\t<p>Context makes the difference. We deliver your messages in premium, brand-safe environments, maximising the value of each advertising impression.<\/p>\t\t\t\t\t\t\t\t<\/div>\n\t\t\t\t<\/div>\n\t\t<div class=\"elementor-element elementor-element-59a227c e-con-full piliers-card e-flex e-con e-child\" data-id=\"59a227c\" data-element_type=\"container\" data-e-type=\"container\" data-settings=\"{&quot;background_background&quot;:&quot;classic&quot;}\">\n\t\t\t\t<div class=\"elementor-element elementor-element-90e56a0 piliers-forme elementor-widget elementor-widget-image\" data-id=\"90e56a0\" data-element_type=\"widget\" data-e-type=\"widget\" data-widget_type=\"image.default\">\n\t\t\t\t\t\t\t\t\t\t\t\t\t\t\t<img loading=\"lazy\" decoding=\"async\" width=\"778\" height=\"779\" src=\"https:\/\/dailyfresh-media.com\/wp-content\/uploads\/2025\/11\/notion_ENGAGER.png\" class=\"attachment-large size-large wp-image-2036\" alt=\"\" srcset=\"https:\/\/dailyfresh-media.com\/wp-content\/uploads\/2025\/11\/notion_ENGAGER.png 778w, https:\/\/dailyfresh-media.com\/wp-content\/uploads\/2025\/11\/notion_ENGAGER-300x300.png 300w, https:\/\/dailyfresh-media.com\/wp-content\/uploads\/2025\/11\/notion_ENGAGER-150x150.png 150w, https:\/\/dailyfresh-media.com\/wp-content\/uploads\/2025\/11\/notion_ENGAGER-768x769.png 768w\" sizes=\"(max-width: 778px) 100vw, 778px\" \/>\t\t\t\t\t\t\t\t\t\t\t\t\t\t\t<\/div>\n\t\t\t\t<div class=\"elementor-element elementor-element-14482fb piliers-titre elementor-widget elementor-widget-heading\" data-id=\"14482fb\" data-element_type=\"widget\" data-e-type=\"widget\" data-widget_type=\"heading.default\">\n\t\t\t\t\t<h3 class=\"elementor-heading-title elementor-size-default\">Hire<\/h3>\t\t\t\t<\/div>\n\t\t\t\t<div class=\"elementor-element elementor-element-99a0683 piliers-paragraphe elementor-widget elementor-widget-text-editor\" data-id=\"99a0683\" data-element_type=\"widget\" data-e-type=\"widget\" data-widget_type=\"text-editor.default\">\n\t\t\t\t\t\t\t\t\t<p>Data-driven, performance minded. We run campaigns that engage, build loyalty and turn every interaction into tangible results.<\/p>\t\t\t\t\t\t\t\t<\/div>\n\t\t\t\t<\/div>\n\t\t\t\t<\/div>\n\t\t\t\t\t<\/div>\n\t\t\t\t<\/div>\n\t\t<div class=\"elementor-element elementor-element-604f373 e-flex e-con-boxed e-con e-parent\" data-id=\"604f373\" data-element_type=\"container\" data-e-type=\"container\">\n\t\t\t\t\t<div class=\"e-con-inner\">\n\t\t<div class=\"elementor-element elementor-element-2f42e69 e-con-full e-flex e-con e-child\" data-id=\"2f42e69\" data-element_type=\"container\" data-e-type=\"container\" data-settings=\"{&quot;background_background&quot;:&quot;classic&quot;}\">\n\t\t<div class=\"elementor-element elementor-element-906c318 e-con-full e-flex e-con e-child\" data-id=\"906c318\" data-element_type=\"container\" data-e-type=\"container\">\n\t\t\t\t<div class=\"elementor-element elementor-element-3665631 elementor-widget elementor-widget-heading\" data-id=\"3665631\" data-element_type=\"widget\" data-e-type=\"widget\" data-widget_type=\"heading.default\">\n\t\t\t\t\t<h2 class=\"elementor-heading-title elementor-size-default\">European expertise<\/h2>\t\t\t\t<\/div>\n\t\t\t\t<div class=\"elementor-element elementor-element-fda022b elementor-widget elementor-widget-text-editor\" data-id=\"fda022b\" data-element_type=\"widget\" data-e-type=\"widget\" data-widget_type=\"text-editor.default\">\n\t\t\t\t\t\t\t\t\t<p>With a presence in over 20 countries, Dailyfresh Media manages over 300 campaigns every year for 80 active clients.<br \/>Our teams work with Europe's leading publishers, agencies and technology partners, guaranteeing local execution and global consistency.<\/p><p>From Paris to London, Munich to Milan, our campaigns adapt to local markets, audiences and cultures to maximise media relevance.<\/p>\t\t\t\t\t\t\t\t<\/div>\n\t\t\t\t<\/div>\n\t\t\t\t<div class=\"elementor-element elementor-element-9350f6b elementor-widget__width-initial elementor-widget-mobile__width-inherit elementor-hidden-tablet elementor-hidden-mobile elementor-widget elementor-widget-image\" data-id=\"9350f6b\" data-element_type=\"widget\" data-e-type=\"widget\" data-widget_type=\"image.default\">\n\t\t\t\t\t\t\t\t\t\t\t\t\t\t\t<img loading=\"lazy\" decoding=\"async\" width=\"744\" height=\"792\" src=\"https:\/\/dailyfresh-media.com\/wp-content\/uploads\/2026\/02\/V2_AGENCE_5_2.png\" class=\"attachment-large size-large wp-image-3256\" alt=\"\" srcset=\"https:\/\/dailyfresh-media.com\/wp-content\/uploads\/2026\/02\/V2_AGENCE_5_2.png 744w, https:\/\/dailyfresh-media.com\/wp-content\/uploads\/2026\/02\/V2_AGENCE_5_2-282x300.png 282w, https:\/\/dailyfresh-media.com\/wp-content\/uploads\/2026\/02\/V2_AGENCE_5_2-11x12.png 11w\" sizes=\"(max-width: 744px) 100vw, 744px\" \/>\t\t\t\t\t\t\t\t\t\t\t\t\t\t\t<\/div>\n\t\t\t\t<\/div>\n\t\t\t\t\t<\/div>\n\t\t\t\t<\/div>\n\t\t\t\t<\/div>","protected":false},"excerpt":{"rendered":"<p>Cr\u00e9\u00e9e en 2011, Dailyfresh Media est une agence m\u00e9dia ind\u00e9pendante bas\u00e9e \u00e0 Grenoble et Hossegor, experte en communication digitale omnicanale. L\u2019agence accompagne les marques, les offices de tourisme et les organisateurs d\u2019\u00e9v\u00e9nements dans la conception, la diffusion et la mesure de leurs campagnes digitales \u00e0 travers l\u2019Europe. Gr\u00e2ce \u00e0 une approche strat\u00e9gique, data-driven et omnicanale, [&hellip;]<\/p>\n","protected":false},"author":1,"featured_media":0,"parent":0,"menu_order":0,"comment_status":"closed","ping_status":"closed","template":"","meta":{"footnotes":""},"class_list":["post-180","page","type-page","status-publish","hentry"],"_links":{"self":[{"href":"https:\/\/dailyfresh-media.com\/en\/wp-json\/wp\/v2\/pages\/180","targetHints":{"allow":["GET"]}}],"collection":[{"href":"https:\/\/dailyfresh-media.com\/en\/wp-json\/wp\/v2\/pages"}],"about":[{"href":"https:\/\/dailyfresh-media.com\/en\/wp-json\/wp\/v2\/types\/page"}],"author":[{"embeddable":true,"href":"https:\/\/dailyfresh-media.com\/en\/wp-json\/wp\/v2\/users\/1"}],"replies":[{"embeddable":true,"href":"https:\/\/dailyfresh-media.com\/en\/wp-json\/wp\/v2\/comments?post=180"}],"version-history":[{"count":3,"href":"https:\/\/dailyfresh-media.com\/en\/wp-json\/wp\/v2\/pages\/180\/revisions"}],"predecessor-version":[{"id":3259,"href":"https:\/\/dailyfresh-media.com\/en\/wp-json\/wp\/v2\/pages\/180\/revisions\/3259"}],"wp:attachment":[{"href":"https:\/\/dailyfresh-media.com\/en\/wp-json\/wp\/v2\/media?parent=180"}],"curies":[{"name":"wp","href":"https:\/\/api.w.org\/{rel}","templated":true}]}}