{"id":2560,"date":"2025-12-24T10:30:44","date_gmt":"2025-12-24T10:30:44","guid":{"rendered":"https:\/\/dailyfresh-media.com\/?page_id=2560"},"modified":"2026-01-22T18:31:59","modified_gmt":"2026-01-22T18:31:59","slug":"focus","status":"publish","type":"page","link":"https:\/\/dailyfresh-media.com\/en\/solutions\/focus\/","title":{"rendered":"Focus DOOH"},"content":{"rendered":"\t\t<div data-elementor-type=\"wp-page\" data-elementor-id=\"2560\" class=\"elementor elementor-2560\" data-elementor-post-type=\"page\">\n\t\t\t\t<div class=\"elementor-element elementor-element-54557c0 e-con-full e-flex e-con e-parent\" data-id=\"54557c0\" data-element_type=\"container\" data-e-type=\"container\">\n\t\t\t\t<div class=\"elementor-element elementor-element-acd4e73 elementor-widget elementor-widget-deensimc-smooth-text\" data-id=\"acd4e73\" data-element_type=\"widget\" data-e-type=\"widget\" data-widget_type=\"deensimc-smooth-text.default\">\n\t\t\t\t<div class=\"elementor-widget-container\">\n\t\t\t\t\t\t\t<div class=\"deensimc-marquee-main-container deensimc-text-marquee\n\t\t\"\n\t\t\tdata-marquee-speed=\"8\"\n\t\t\tdata-track-fill=\"yes\"\n\t\t\tdata-track-item-selector=\".deensimc-text-wrapper\"\n\t\t\tdata-track-target-horizontal=\"2560\"\t\t\t>\n\t\t\t<div class=\"deensimc-marquee-track-wrapper\">\n\t\t\t\t<div class=\"deensimc-marquee-track\">\n\t\t\t\t\t\t\t\t<div class=\"deensimc-text-wrapper\" aria-hidden=\"false\">\n\t\t\t\t<svg xmlns=\"http:\/\/www.w3.org\/2000\/svg\" id=\"Calque_2\" data-name=\"Calque 2\" viewBox=\"0 0 757.46 757.46\"><defs><style>      .forme2-cls-1 {        stroke-width: 0px;      }    <\/style><\/defs><g id=\"Calque_1-2\" data-name=\"Calque 1\"><circle class=\"forme2-cls-1\" cx=\"378.73\" cy=\"378.73\" r=\"378.73\"><\/circle><\/g><\/svg>\t\t\t\t\t\t\t\t\t<p class=\"deensimc-scroll-text\">\n\t\t\t\t\t\tFocus DOOH\t\t\t\t\t<\/p>\n\t\t\t\t\t\t\t<\/div>\n\t\t\t\t\t\t<\/div>\n\t\t\t\t<div aria-hidden=\"true\" class=\"deensimc-marquee-track\">\n\t\t\t\t\t\t\t\t<div class=\"deensimc-text-wrapper\" aria-hidden=\"false\">\n\t\t\t\t<svg xmlns=\"http:\/\/www.w3.org\/2000\/svg\" id=\"Calque_2\" data-name=\"Calque 2\" viewBox=\"0 0 757.46 757.46\"><defs><style>      .forme2-cls-1 {        stroke-width: 0px;      }    <\/style><\/defs><g id=\"Calque_1-2\" data-name=\"Calque 1\"><circle class=\"forme2-cls-1\" cx=\"378.73\" cy=\"378.73\" r=\"378.73\"><\/circle><\/g><\/svg>\t\t\t\t\t\t\t\t\t<p class=\"deensimc-scroll-text\">\n\t\t\t\t\t\tFocus DOOH\t\t\t\t\t<\/p>\n\t\t\t\t\t\t\t<\/div>\n\t\t\t\t\t\t<\/div>\n\t\t\t<\/div>\n\t\t<\/div>\n\t\t\t\t<\/div>\n\t\t\t\t<\/div>\n\t\t\t\t<noscript>\n\t\t\t<div class=\"deensimc-noscript-notice\" role=\"note\">\n\t\t\t\tThis section requires JavaScript to load properly. Please enable JavaScript in your browser and reload the page.\t\t\t<\/div>\n\t\t<\/noscript>\n\t\t<\/div>\n\t\t<div class=\"elementor-element elementor-element-a7f12fc e-flex e-con-boxed e-con e-parent\" data-id=\"a7f12fc\" data-element_type=\"container\" data-e-type=\"container\">\n\t\t\t\t\t<div class=\"e-con-inner\">\n\t\t<div class=\"elementor-element elementor-element-c0e8fe5 e-con-full e-flex e-con e-child\" data-id=\"c0e8fe5\" data-element_type=\"container\" data-e-type=\"container\" data-settings=\"{&quot;background_background&quot;:&quot;classic&quot;}\">\n\t\t<div class=\"elementor-element elementor-element-f59c1f2 e-flex e-con-boxed e-con e-child\" data-id=\"f59c1f2\" data-element_type=\"container\" data-e-type=\"container\">\n\t\t\t\t\t<div class=\"e-con-inner\">\n\t\t<div class=\"elementor-element elementor-element-323f5cb e-grid e-con-full e-con e-child\" data-id=\"323f5cb\" data-element_type=\"container\" data-e-type=\"container\">\n\t\t\t\t<div class=\"elementor-element elementor-element-dba3a13 elementor-widget elementor-widget-heading\" data-id=\"dba3a13\" data-element_type=\"widget\" data-e-type=\"widget\" data-widget_type=\"heading.default\">\n\t\t\t\t\t<h2 class=\"elementor-heading-title elementor-size-default\">ATTIREZ L'ATTENTION<\/h2>\t\t\t\t<\/div>\n\t\t\t\t<div class=\"elementor-element elementor-element-2bc623e elementor-widget elementor-widget-image\" data-id=\"2bc623e\" data-element_type=\"widget\" data-e-type=\"widget\" data-widget_type=\"image.default\">\n\t\t\t\t\t\t\t\t\t\t\t\t\t\t\t<img fetchpriority=\"high\" decoding=\"async\" width=\"506\" height=\"815\" src=\"https:\/\/dailyfresh-media.com\/wp-content\/uploads\/2026\/01\/V2_FOCUS_1-1.png\" class=\"attachment-large size-large wp-image-3003\" alt=\"\" srcset=\"https:\/\/dailyfresh-media.com\/wp-content\/uploads\/2026\/01\/V2_FOCUS_1-1.png 506w, https:\/\/dailyfresh-media.com\/wp-content\/uploads\/2026\/01\/V2_FOCUS_1-1-186x300.png 186w, https:\/\/dailyfresh-media.com\/wp-content\/uploads\/2026\/01\/V2_FOCUS_1-1-7x12.png 7w\" sizes=\"(max-width: 506px) 100vw, 506px\" \/>\t\t\t\t\t\t\t\t\t\t\t\t\t\t\t<\/div>\n\t\t\t\t<div class=\"elementor-element elementor-element-ab5bc63 elementor-widget elementor-widget-heading\" data-id=\"ab5bc63\" data-element_type=\"widget\" data-e-type=\"widget\" data-widget_type=\"heading.default\">\n\t\t\t\t\t<h2 class=\"elementor-heading-title elementor-size-default\">O\u00d9 ON NE VOUS<br>ATTEND PAS<\/h2>\t\t\t\t<\/div>\n\t\t<div class=\"elementor-element elementor-element-125e94c e-con-full e-flex e-con e-child\" data-id=\"125e94c\" data-element_type=\"container\" data-e-type=\"container\">\n\t\t\t\t<div class=\"elementor-element elementor-element-840b679 elementor-widget elementor-widget-heading\" data-id=\"840b679\" data-element_type=\"widget\" data-e-type=\"widget\" data-widget_type=\"heading.default\">\n\t\t\t\t\t<h3 class=\"elementor-heading-title elementor-size-default\">L'EXPERTISE OUTDOOR<\/h3>\t\t\t\t<\/div>\n\t\t\t\t<div class=\"elementor-element elementor-element-fd9d91e elementor-widget elementor-widget-text-editor\" data-id=\"fd9d91e\" data-element_type=\"widget\" data-e-type=\"widget\" data-widget_type=\"text-editor.default\">\n\t\t\t\t\t\t\t\t\t<p>Nous consid\u00e9rons le Digital Out Of Home (DOOH) comme un m\u00e9dia \u00e0 part enti\u00e8re<br \/>\u2014\u00a0<br \/>puissant, immersif et d\u00e9sormais totalement int\u00e9gr\u00e9 \u00e0 la strat\u00e9gie omnicanale.<\/p>\t\t\t\t\t\t\t\t<\/div>\n\t\t\t\t<\/div>\n\t\t<div class=\"elementor-element elementor-element-2682206 e-con-full e-flex e-con e-child\" data-id=\"2682206\" data-element_type=\"container\" data-e-type=\"container\">\n\t\t\t\t<div class=\"elementor-element elementor-element-47e5b29 elementor-widget elementor-widget-text-editor\" data-id=\"47e5b29\" data-element_type=\"widget\" data-e-type=\"widget\" data-widget_type=\"text-editor.default\">\n\t\t\t\t\t\t\t\t\t<p>Nous concevons des dispositifs DOOH qui combinent cr\u00e9ativit\u00e9, ciblage, contexte et technologie, pour maximiser la visibilit\u00e9 et l&rsquo;impact des marques dans les environnements<\/p>\t\t\t\t\t\t\t\t<\/div>\n\t\t\t\t<\/div>\n\t\t\t\t<\/div>\n\t\t\t\t\t<\/div>\n\t\t\t\t<\/div>\n\t\t<div class=\"elementor-element elementor-element-53401b6 e-flex e-con-boxed e-con e-child\" data-id=\"53401b6\" data-element_type=\"container\" data-e-type=\"container\" data-settings=\"{&quot;background_background&quot;:&quot;classic&quot;}\">\n\t\t\t\t\t<div class=\"e-con-inner\">\n\t\t\t\t<div class=\"elementor-element elementor-element-f7fd73b elementor-widget__width-initial elementor-widget-mobile__width-inherit elementor-widget elementor-widget-text-editor\" data-id=\"f7fd73b\" data-element_type=\"widget\" data-e-type=\"widget\" data-widget_type=\"text-editor.default\">\n\t\t\t\t\t\t\t\t\t<p>Nous avons v\u00e9cu les villes :<br>de <b>Paris \u00e0 Chamonix<\/b>, de <b>Londres<\/b> \u00e0 <b>Manchester<\/b>, de <b>Milan<\/b> \u00e0 <b>Munich<\/b>, jusqu\u2019\u00e0 <b>Gen\u00e8ve<\/b> et <b>Stockholm<\/b>.<\/p>\n<p>Ces immersions nous permettent d\u2019observer les flux r\u00e9els, les zones de visibilit\u00e9, les habitudes de mobilit\u00e9 et les moments d\u2019attention propres \u00e0 chaque lieu.<\/p>\n<p>Nous connaissons le terrain, les contextes et les comportements urbains. C\u2019est ce qui nous permet d\u2019assurer une visibilit\u00e9 optimale, une pertinence contextuelle et un investissement m\u00e9dia coh\u00e9rent pour chaque marque.<\/p>\t\t\t\t\t\t\t\t<\/div>\n\t\t\t\t<div class=\"elementor-element elementor-element-7e11fcf elementor-widget__width-initial elementor-widget-mobile__width-inherit elementor-widget elementor-widget-image\" data-id=\"7e11fcf\" data-element_type=\"widget\" data-e-type=\"widget\" data-widget_type=\"image.default\">\n\t\t\t\t\t\t\t\t\t\t\t\t\t\t\t<img decoding=\"async\" width=\"421\" height=\"592\" src=\"https:\/\/dailyfresh-media.com\/wp-content\/uploads\/2026\/01\/V2_SITE_Focus_2_2.png\" class=\"attachment-large size-large wp-image-2896\" alt=\"\" srcset=\"https:\/\/dailyfresh-media.com\/wp-content\/uploads\/2026\/01\/V2_SITE_Focus_2_2.png 421w, https:\/\/dailyfresh-media.com\/wp-content\/uploads\/2026\/01\/V2_SITE_Focus_2_2-213x300.png 213w, https:\/\/dailyfresh-media.com\/wp-content\/uploads\/2026\/01\/V2_SITE_Focus_2_2-9x12.png 9w\" sizes=\"(max-width: 421px) 100vw, 421px\" \/>\t\t\t\t\t\t\t\t\t\t\t\t\t\t\t<\/div>\n\t\t\t\t\t<\/div>\n\t\t\t\t<\/div>\n\t\t<div class=\"elementor-element elementor-element-dc257b3 e-flex e-con-boxed e-con e-child\" data-id=\"dc257b3\" data-element_type=\"container\" data-e-type=\"container\">\n\t\t\t\t\t<div class=\"e-con-inner\">\n\t\t<div class=\"elementor-element elementor-element-4c066e6 e-con-full e-flex e-con e-child\" data-id=\"4c066e6\" data-element_type=\"container\" data-e-type=\"container\">\n\t\t\t\t<div class=\"elementor-element elementor-element-f3206d0 elementor-widget elementor-widget-heading\" data-id=\"f3206d0\" data-element_type=\"widget\" data-e-type=\"widget\" data-widget_type=\"heading.default\">\n\t\t\t\t\t<h2 class=\"elementor-heading-title elementor-size-default\">Gr\u00e2ce \u00e0 nos partenariats technologiques, nous acc\u00e9dons \u00e0 l\u2019ensemble des inventaires DOOH<\/h2>\t\t\t\t<\/div>\n\t\t\t\t<div class=\"elementor-element elementor-element-73403c8 elementor-widget elementor-widget-text-editor\" data-id=\"73403c8\" data-element_type=\"widget\" data-e-type=\"widget\" data-widget_type=\"text-editor.default\">\n\t\t\t\t\t\t\t\t\t<p>Directes &amp; programmatiques, aux donn\u00e9es de g\u00e9olocalisation, de trafic ou de m\u00e9t\u00e9o, pour activer vos campagnes avec pr\u00e9cision.<\/p><p>Nos activations s\u2019appuient sur :<\/p>\t\t\t\t\t\t\t\t<\/div>\n\t\t\t\t<div class=\"elementor-element elementor-element-888ea3e elementor-widget elementor-widget-n-carousel\" data-id=\"888ea3e\" data-element_type=\"widget\" data-e-type=\"widget\" data-settings=\"{&quot;carousel_items&quot;:[{&quot;slide_title&quot;:&quot;Diapositive N\\u00b01&quot;,&quot;_id&quot;:&quot;3e5cf66&quot;},{&quot;slide_title&quot;:&quot;Diapositive N\\u00b02&quot;,&quot;_id&quot;:&quot;7bf5ca7&quot;},{&quot;slide_title&quot;:&quot;Diapositive N\\u00b03&quot;,&quot;_id&quot;:&quot;b558dfe&quot;},{&quot;slide_title&quot;:&quot;Diapositive N\\u00b03&quot;,&quot;_id&quot;:&quot;e7b605b&quot;}],&quot;slides_to_show&quot;:&quot;4&quot;,&quot;image_spacing_custom&quot;:{&quot;unit&quot;:&quot;px&quot;,&quot;size&quot;:0,&quot;sizes&quot;:[]},&quot;slides_to_show_tablet&quot;:&quot;2&quot;,&quot;slides_to_show_mobile&quot;:&quot;1&quot;,&quot;speed&quot;:500,&quot;image_spacing_custom_tablet&quot;:{&quot;unit&quot;:&quot;px&quot;,&quot;size&quot;:&quot;&quot;,&quot;sizes&quot;:[]},&quot;image_spacing_custom_mobile&quot;:{&quot;unit&quot;:&quot;px&quot;,&quot;size&quot;:&quot;&quot;,&quot;sizes&quot;:[]}}\" data-widget_type=\"nested-carousel.default\">\n\t\t\t\t\t\t\t<div class=\"e-n-carousel swiper\" role=\"region\" aria-roledescription=\"carousel\" aria-label=\"Carousel\" dir=\"ltr\">\n\t\t\t<div class=\"swiper-wrapper\" aria-live=\"polite\">\n\t\t\t\t\t\t\t\t\t\t<div class=\"swiper-slide\" data-slide=\"1\" role=\"group\" aria-roledescription=\"slide\" aria-label=\"1 of 4\">\n\t\t\t\t\t\t\t<div class=\"elementor-element elementor-element-0d9e151 e-flex e-con-boxed e-con e-child\" data-id=\"0d9e151\" data-element_type=\"container\" data-e-type=\"container\">\n\t\t\t\t\t<div class=\"e-con-inner\">\n\t\t\t\t<div class=\"elementor-element elementor-element-10f53f2 elementor-widget elementor-widget-heading\" data-id=\"10f53f2\" data-element_type=\"widget\" data-e-type=\"widget\" data-widget_type=\"heading.default\">\n\t\t\t\t\t<h3 class=\"elementor-heading-title elementor-size-default\">Le ciblage par points\nd\u2019int\u00e9r\u00eat (POI)<\/h3>\t\t\t\t<\/div>\n\t\t\t\t\t<\/div>\n\t\t\t\t<\/div>\n\t\t\t\t\t\t\t\t<\/div>\n\t\t\t\t\t\t\t\t\t\t\t<div class=\"swiper-slide\" data-slide=\"2\" role=\"group\" aria-roledescription=\"slide\" aria-label=\"2 of 4\">\n\t\t\t\t\t\t\t<div class=\"elementor-element elementor-element-3c9d924 e-flex e-con-boxed e-con e-child\" data-id=\"3c9d924\" data-element_type=\"container\" data-e-type=\"container\">\n\t\t\t\t\t<div class=\"e-con-inner\">\n\t\t\t\t<div class=\"elementor-element elementor-element-0577e05 elementor-widget elementor-widget-heading\" data-id=\"0577e05\" data-element_type=\"widget\" data-e-type=\"widget\" data-widget_type=\"heading.default\">\n\t\t\t\t\t<h3 class=\"elementor-heading-title elementor-size-default\">Les triggers contextuels\n(m\u00e9t\u00e9o, heure, affluence)<\/h3>\t\t\t\t<\/div>\n\t\t\t\t\t<\/div>\n\t\t\t\t<\/div>\n\t\t\t\t\t\t\t\t<\/div>\n\t\t\t\t\t\t\t\t\t\t\t<div class=\"swiper-slide\" data-slide=\"3\" role=\"group\" aria-roledescription=\"slide\" aria-label=\"3 of 4\">\n\t\t\t\t\t\t\t<div class=\"elementor-element elementor-element-1832464 e-flex e-con-boxed e-con e-child\" data-id=\"1832464\" data-element_type=\"container\" data-e-type=\"container\">\n\t\t\t\t\t<div class=\"e-con-inner\">\n\t\t\t\t<div class=\"elementor-element elementor-element-5aa5fe8 elementor-widget elementor-widget-heading\" data-id=\"5aa5fe8\" data-element_type=\"widget\" data-e-type=\"widget\" data-widget_type=\"heading.default\">\n\t\t\t\t\t<h3 class=\"elementor-heading-title elementor-size-default\">Un retargeting\ncross-device<\/h3>\t\t\t\t<\/div>\n\t\t\t\t\t<\/div>\n\t\t\t\t<\/div>\n\t\t\t\t\t\t\t\t<\/div>\n\t\t\t\t\t\t\t\t\t\t\t<div class=\"swiper-slide\" data-slide=\"4\" role=\"group\" aria-roledescription=\"slide\" aria-label=\"4 of 4\">\n\t\t\t\t\t\t\t<div class=\"elementor-element elementor-element-0e07bc9 e-flex e-con-boxed e-con e-child\" data-id=\"0e07bc9\" data-element_type=\"container\" data-e-type=\"container\">\n\t\t\t\t\t<div class=\"e-con-inner\">\n\t\t\t\t<div class=\"elementor-element elementor-element-acee7df elementor-widget elementor-widget-heading\" data-id=\"acee7df\" data-element_type=\"widget\" data-e-type=\"widget\" data-widget_type=\"heading.default\">\n\t\t\t\t\t<h3 class=\"elementor-heading-title elementor-size-default\">Un achat en temps r\u00e9el\n(RTB)<\/h3>\t\t\t\t<\/div>\n\t\t\t\t\t<\/div>\n\t\t\t\t<\/div>\n\t\t\t\t\t\t\t\t<\/div>\n\t\t\t\t\t\t\t\t<\/div>\n\t\t<\/div>\n\t\t\t\t\t\t<\/div>\n\t\t\t\t<div class=\"elementor-element elementor-element-ffb8054 elementor-widget elementor-widget-text-editor\" data-id=\"ffb8054\" data-element_type=\"widget\" data-e-type=\"widget\" data-widget_type=\"text-editor.default\">\n\t\t\t\t\t\t\t\t\t<p>Cette approche permet d\u2019adresser le bon message, au bon moment, dans le bon environnement.<\/p>\t\t\t\t\t\t\t\t<\/div>\n\t\t\t\t<\/div>\n\t\t\t\t<div class=\"elementor-element elementor-element-4f31922 elementor-widget elementor-widget-heading\" data-id=\"4f31922\" data-element_type=\"widget\" data-e-type=\"widget\" data-widget_type=\"heading.default\">\n\t\t\t\t\t<h2 class=\"elementor-heading-title elementor-size-default\">Mesure et optimisation<\/h2>\t\t\t\t<\/div>\n\t\t<div class=\"elementor-element elementor-element-8e9dc21 e-con-full e-flex e-con e-child\" data-id=\"8e9dc21\" data-element_type=\"container\" data-e-type=\"container\">\n\t\t\t\t<div class=\"elementor-element elementor-element-b955de9 elementor-widget__width-initial elementor-widget-tablet__width-inherit elementor-widget elementor-widget-text-editor\" data-id=\"b955de9\" data-element_type=\"widget\" data-e-type=\"widget\" data-widget_type=\"text-editor.default\">\n\t\t\t\t\t\t\t\t\t<p>Gr\u00e2ce \u00e0 nos outils d\u2019analytics, nous mesurons :<\/p><p>\u2022 La diffusion en temps r\u00e9el,<br \/>\u2022 La visibilit\u00e9 et la couverture effective,<br \/>\u2022 Le footfall en magasin ou \u00e9v\u00e9nement,<br \/>\u2022 Les indicateurs de performance et de notori\u00e9t\u00e9<br \/>(Brand Lift, reach, engagement).<\/p><p>Nos rapports permettent de relier la performance m\u00e9dia \u00e0 la performance business, et de piloter chaque campagne selon des crit\u00e8res objectifs et mesurables.<\/p>\t\t\t\t\t\t\t\t<\/div>\n\t\t<div class=\"elementor-element elementor-element-34ac8e0 e-con-full e-flex e-con e-child\" data-id=\"34ac8e0\" data-element_type=\"container\" data-e-type=\"container\" data-settings=\"{&quot;background_background&quot;:&quot;classic&quot;}\">\n\t\t\t\t<\/div>\n\t\t\t\t<\/div>\n\t\t\t\t\t<\/div>\n\t\t\t\t<\/div>\n\t\t\t\t<\/div>\n\t\t\t\t\t<\/div>\n\t\t\t\t<\/div>\n\t\t<div class=\"elementor-element elementor-element-530e7a0 e-flex e-con-boxed e-con e-parent\" data-id=\"530e7a0\" data-element_type=\"container\" data-e-type=\"container\">\n\t\t\t\t\t<div class=\"e-con-inner\">\n\t\t<div class=\"elementor-element elementor-element-95c9eda e-flex e-con-boxed e-con e-child\" data-id=\"95c9eda\" data-element_type=\"container\" data-e-type=\"container\" data-settings=\"{&quot;background_background&quot;:&quot;classic&quot;}\">\n\t\t\t\t\t<div class=\"e-con-inner\">\n\t\t\t\t<div class=\"elementor-element elementor-element-4ac3ba3 elementor-widget elementor-widget-heading\" data-id=\"4ac3ba3\" data-element_type=\"widget\" data-e-type=\"widget\" data-widget_type=\"heading.default\">\n\t\t\t\t\t<h2 class=\"elementor-heading-title elementor-size-default\">Gr\u00e2ce \u00e0 une approche fond\u00e9e sur l\u2019observation du r\u00e9el, la donn\u00e9e et\nla cr\u00e9ativit\u00e9, nous faisons du DOOH un levier puissant, mesurable\net responsable.<\/h2>\t\t\t\t<\/div>\n\t\t\t\t<div class=\"elementor-element elementor-element-03a9811 elementor-widget-mobile__width-inherit elementor-widget elementor-widget-text-editor\" data-id=\"03a9811\" data-element_type=\"widget\" data-e-type=\"widget\" data-widget_type=\"text-editor.default\">\n\t\t\t\t\t\t\t\t\t<p>Nous vivons les villes, nous les comprenons \u2014 et c\u2019est ainsi que nous transformons chaque \u00e9cran en opportunit\u00e9 d\u2019impact.<\/p>\t\t\t\t\t\t\t\t<\/div>\n\t\t\t\t<div class=\"elementor-element elementor-element-390dcae elementor-align-center elementor-mobile-align-justify elementor-widget elementor-widget-button\" data-id=\"390dcae\" data-element_type=\"widget\" data-e-type=\"widget\" data-widget_type=\"button.default\">\n\t\t\t\t\t\t\t\t\t\t<a class=\"elementor-button elementor-button-link elementor-size-sm\" href=\"#\">\n\t\t\t\t\t\t<span class=\"elementor-button-content-wrapper\">\n\t\t\t\t\t\t\t\t\t<span class=\"elementor-button-text\">D\u00e9couvrez nos campagnes DOOH<\/span>\n\t\t\t\t\t<\/span>\n\t\t\t\t\t<\/a>\n\t\t\t\t\t\t\t\t<\/div>\n\t\t\t\t\t<\/div>\n\t\t\t\t<\/div>\n\t\t\t\t\t<\/div>\n\t\t\t\t<\/div>\n\t\t\t\t<\/div>\n\t\t","protected":false},"excerpt":{"rendered":"<p>Focus DOOH Focus DOOH Focus DOOH Focus DOOH Focus DOOH Focus DOOH Focus DOOH Focus DOOH Focus DOOH Focus DOOH Focus DOOH Focus DOOH ATTIREZ L&rsquo;ATTENTION O\u00d9 ON NE VOUSATTEND PAS L&rsquo;EXPERTISE OUTDOOR Nous consid\u00e9rons le Digital Out Of Home (DOOH) comme un m\u00e9dia \u00e0 part enti\u00e8re\u2014\u00a0puissant, immersif et d\u00e9sormais totalement int\u00e9gr\u00e9 \u00e0 la strat\u00e9gie [&hellip;]<\/p>\n","protected":false},"author":1,"featured_media":0,"parent":248,"menu_order":0,"comment_status":"closed","ping_status":"closed","template":"","meta":{"footnotes":""},"class_list":["post-2560","page","type-page","status-publish","hentry"],"_links":{"self":[{"href":"https:\/\/dailyfresh-media.com\/en\/wp-json\/wp\/v2\/pages\/2560","targetHints":{"allow":["GET"]}}],"collection":[{"href":"https:\/\/dailyfresh-media.com\/en\/wp-json\/wp\/v2\/pages"}],"about":[{"href":"https:\/\/dailyfresh-media.com\/en\/wp-json\/wp\/v2\/types\/page"}],"author":[{"embeddable":true,"href":"https:\/\/dailyfresh-media.com\/en\/wp-json\/wp\/v2\/users\/1"}],"replies":[{"embeddable":true,"href":"https:\/\/dailyfresh-media.com\/en\/wp-json\/wp\/v2\/comments?post=2560"}],"version-history":[{"count":0,"href":"https:\/\/dailyfresh-media.com\/en\/wp-json\/wp\/v2\/pages\/2560\/revisions"}],"up":[{"embeddable":true,"href":"https:\/\/dailyfresh-media.com\/en\/wp-json\/wp\/v2\/pages\/248"}],"wp:attachment":[{"href":"https:\/\/dailyfresh-media.com\/en\/wp-json\/wp\/v2\/media?parent=2560"}],"curies":[{"name":"wp","href":"https:\/\/api.w.org\/{rel}","templated":true}]}}