{"id":2569,"date":"2025-12-24T10:44:01","date_gmt":"2025-12-24T10:44:01","guid":{"rendered":"https:\/\/dailyfresh-media.com\/?page_id=2569"},"modified":"2026-01-22T18:30:48","modified_gmt":"2026-01-22T18:30:48","slug":"branding-performance","status":"publish","type":"page","link":"https:\/\/dailyfresh-media.com\/en\/solutions\/branding-performance\/","title":{"rendered":"Branding &amp; Performance"},"content":{"rendered":"<div data-elementor-type=\"wp-page\" data-elementor-id=\"2569\" class=\"elementor elementor-2569\" data-elementor-post-type=\"page\">\n\t\t\t\t<div class=\"elementor-element elementor-element-ae9204d e-con-full e-flex e-con e-parent\" data-id=\"ae9204d\" data-element_type=\"container\" data-e-type=\"container\">\n\t\t\t\t<div class=\"elementor-element elementor-element-bcdbc0c elementor-widget elementor-widget-deensimc-smooth-text\" data-id=\"bcdbc0c\" data-element_type=\"widget\" data-e-type=\"widget\" data-widget_type=\"deensimc-smooth-text.default\">\n\t\t\t\t<div class=\"elementor-widget-container\">\n\t\t\t\t\t\t\t<div class=\"deensimc-marquee-main-container deensimc-text-marquee\"\n\t\t\tdata-marquee-speed=\"8\"\n\t\t\tdata-track-fill=\"yes\"\n\t\t\tdata-track-item-selector=\".deensimc-text-wrapper\"\n\t\t\tdata-track-target-horizontal=\"2560\"\t\t\t>\n\t\t\t<div class=\"deensimc-marquee-track-wrapper\">\n\t\t\t\t<div class=\"deensimc-marquee-track\">\n\t\t\t\t\t\t\t\t<div class=\"deensimc-text-wrapper\" aria-hidden=\"false\">\n\t\t\t\t<svg xmlns=\"http:\/\/www.w3.org\/2000\/svg\" id=\"Calque_2\" data-name=\"Calque 2\" viewbox=\"0 0 757.46 757.46\"><defs><style>      .forme2-cls-1 {        stroke-width: 0px;      }    <\/style><\/defs><g id=\"Calque_1-2\" data-name=\"Calque 1\"><circle class=\"forme2-cls-1\" cx=\"378.73\" cy=\"378.73\" r=\"378.73\"><\/circle><\/g><\/svg>\t\t\t\t\t\t\t\t\t<p class=\"deensimc-scroll-text\">\n\t\t\t\t\t\tBranding To Performance\t\t\t\t\t<\/p>\n\t\t\t\t\t\t\t<\/div>\n\t\t\t\t\t\t<\/div>\n\t\t\t\t<div aria-hidden=\"true\" class=\"deensimc-marquee-track\">\n\t\t\t\t\t\t\t\t<div class=\"deensimc-text-wrapper\" aria-hidden=\"false\">\n\t\t\t\t<svg xmlns=\"http:\/\/www.w3.org\/2000\/svg\" id=\"Calque_2\" data-name=\"Calque 2\" viewbox=\"0 0 757.46 757.46\"><defs><style>      .forme2-cls-1 {        stroke-width: 0px;      }    <\/style><\/defs><g id=\"Calque_1-2\" data-name=\"Calque 1\"><circle class=\"forme2-cls-1\" cx=\"378.73\" cy=\"378.73\" r=\"378.73\"><\/circle><\/g><\/svg>\t\t\t\t\t\t\t\t\t<p class=\"deensimc-scroll-text\">\n\t\t\t\t\t\tBranding To Performance\t\t\t\t\t<\/p>\n\t\t\t\t\t\t\t<\/div>\n\t\t\t\t\t\t<\/div>\n\t\t\t<\/div>\n\t\t<\/div>\n\t\t\t\t<\/div>\n\t\t\t\t<\/div>\n\t\t\t\t<noscript>\n\t\t\t<div class=\"deensimc-noscript-notice\" role=\"note\">\n\t\t\t\tThis section requires JavaScript to load properly. Please enable JavaScript in your browser and reload the page.\t\t\t<\/div>\n\t\t<\/noscript>\n\t\t<\/div>\n\t\t<div class=\"elementor-element elementor-element-0c752ea e-flex e-con-boxed e-con e-parent\" data-id=\"0c752ea\" data-element_type=\"container\" data-e-type=\"container\">\n\t\t\t\t\t<div class=\"e-con-inner\">\n\t\t<div class=\"elementor-element elementor-element-db8739e e-con-full e-flex e-con e-child\" data-id=\"db8739e\" data-element_type=\"container\" data-e-type=\"container\">\n\t\t\t\t<div class=\"elementor-element elementor-element-9a7d8a9 elementor-widget elementor-widget-heading\" data-id=\"9a7d8a9\" data-element_type=\"widget\" data-e-type=\"widget\" data-widget_type=\"heading.default\">\n\t\t\t\t\t<h1 class=\"elementor-heading-title elementor-size-default\">We design<br>\nstrategies<br>\nadvertising<\/h1>\t\t\t\t<\/div>\n\t\t\t\t<div class=\"elementor-element elementor-element-69efd05 elementor-widget elementor-widget-text-editor\" data-id=\"69efd05\" data-element_type=\"widget\" data-e-type=\"widget\" data-widget_type=\"text-editor.default\">\n\t\t\t\t\t\t\t\t\t<p>adapted to each stage of the customer journey, from branding to conversion.<\/p><p>The aim of each campaign is to build a strong presence and generate tangible performance in terms of awareness, qualified visits and leads,<br \/>sales...<\/p><p>Turn advertising into measurable impact; more than a slogan, our conviction that every impression should count.<\/p>\t\t\t\t\t\t\t\t<\/div>\n\t\t\t\t<\/div>\n\t\t\t\t<div class=\"elementor-element elementor-element-80feeae elementor-widget__width-initial elementor-widget-mobile__width-inherit elementor-widget-tablet__width-inherit elementor-widget elementor-widget-image\" data-id=\"80feeae\" data-element_type=\"widget\" data-e-type=\"widget\" data-widget_type=\"image.default\">\n\t\t\t\t\t\t\t\t\t\t\t\t\t\t\t<img fetchpriority=\"high\" decoding=\"async\" width=\"544\" height=\"402\" src=\"https:\/\/dailyfresh-media.com\/wp-content\/uploads\/2026\/01\/V2_BRANDING_1.jpg\" class=\"attachment-large size-large wp-image-2914\" alt=\"\" srcset=\"https:\/\/dailyfresh-media.com\/wp-content\/uploads\/2026\/01\/V2_BRANDING_1.jpg 544w, https:\/\/dailyfresh-media.com\/wp-content\/uploads\/2026\/01\/V2_BRANDING_1-300x222.jpg 300w, https:\/\/dailyfresh-media.com\/wp-content\/uploads\/2026\/01\/V2_BRANDING_1-16x12.jpg 16w\" sizes=\"(max-width: 544px) 100vw, 544px\" \/>\t\t\t\t\t\t\t\t\t\t\t\t\t\t\t<\/div>\n\t\t\t\t\t<\/div>\n\t\t\t\t<\/div>\n\t\t<div class=\"elementor-element elementor-element-89ae842 e-flex e-con-boxed e-con e-parent\" data-id=\"89ae842\" data-element_type=\"container\" data-e-type=\"container\">\n\t\t\t\t\t<div class=\"e-con-inner\">\n\t\t<div class=\"elementor-element elementor-element-6eeec89 e-con-full e-flex e-con e-child\" data-id=\"6eeec89\" data-element_type=\"container\" data-e-type=\"container\" data-settings=\"{&quot;background_background&quot;:&quot;classic&quot;}\">\n\t\t<div class=\"elementor-element elementor-element-4757114 e-con-full e-flex e-con e-child\" data-id=\"4757114\" data-element_type=\"container\" data-e-type=\"container\">\n\t\t\t\t<div class=\"elementor-element elementor-element-195ae46 elementor-widget elementor-widget-heading\" data-id=\"195ae46\" data-element_type=\"widget\" data-e-type=\"widget\" data-widget_type=\"heading.default\">\n\t\t\t\t\t<h2 class=\"elementor-heading-title elementor-size-default\">From top to bottom of the tunnel, orchestrated on all channels\n<\/h2>\t\t\t\t<\/div>\n\t\t\t\t<div class=\"elementor-element elementor-element-bd0dc9c elementor-widget elementor-widget-text-editor\" data-id=\"bd0dc9c\" data-element_type=\"widget\" data-e-type=\"widget\" data-widget_type=\"text-editor.default\">\n\t\t\t\t\t\t\t\t\t<p>Our campaigns are based on an omnichannel approach:<\/p>\t\t\t\t\t\t\t\t<\/div>\n\t\t\t\t<div class=\"elementor-element elementor-element-f250293 elementor-widget elementor-widget-image\" data-id=\"f250293\" data-element_type=\"widget\" data-e-type=\"widget\" data-widget_type=\"image.default\">\n\t\t\t\t\t\t\t\t\t\t\t\t\t\t\t<img decoding=\"async\" width=\"800\" height=\"420\" src=\"https:\/\/dailyfresh-media.com\/wp-content\/uploads\/2026\/01\/V2_SOLUTION_Branding_schema-1024x538.png\" class=\"attachment-large size-large wp-image-2916\" alt=\"\" srcset=\"https:\/\/dailyfresh-media.com\/wp-content\/uploads\/2026\/01\/V2_SOLUTION_Branding_schema-1024x538.png 1024w, https:\/\/dailyfresh-media.com\/wp-content\/uploads\/2026\/01\/V2_SOLUTION_Branding_schema-300x158.png 300w, https:\/\/dailyfresh-media.com\/wp-content\/uploads\/2026\/01\/V2_SOLUTION_Branding_schema-768x404.png 768w, https:\/\/dailyfresh-media.com\/wp-content\/uploads\/2026\/01\/V2_SOLUTION_Branding_schema-18x9.png 18w, https:\/\/dailyfresh-media.com\/wp-content\/uploads\/2026\/01\/V2_SOLUTION_Branding_schema.png 1147w\" sizes=\"(max-width: 800px) 100vw, 800px\" \/>\t\t\t\t\t\t\t\t\t\t\t\t\t\t\t<\/div>\n\t\t\t\t<div class=\"elementor-element elementor-element-3a7d1d5 elementor-widget elementor-widget-text-editor\" data-id=\"3a7d1d5\" data-element_type=\"widget\" data-e-type=\"widget\" data-widget_type=\"text-editor.default\">\n\t\t\t\t\t\t\t\t\t<p>We build strategies in which each lever amplifies the others, guaranteeing optimal coverage and an advertising experience that's second to none.<br \/>consistent across all points of contact.<\/p>\t\t\t\t\t\t\t\t<\/div>\n\t\t\t\t<\/div>\n\t\t<div class=\"elementor-element elementor-element-2201fec e-flex e-con-boxed e-con e-child\" data-id=\"2201fec\" data-element_type=\"container\" data-e-type=\"container\" data-settings=\"{&quot;background_background&quot;:&quot;classic&quot;}\">\n\t\t\t\t\t<div class=\"e-con-inner\">\n\t\t\t\t<div class=\"elementor-element elementor-element-0b8753e elementor-widget elementor-widget-heading\" data-id=\"0b8753e\" data-element_type=\"widget\" data-e-type=\"widget\" data-widget_type=\"heading.default\">\n\t\t\t\t\t<h2 class=\"elementor-heading-title elementor-size-default\">Creativity, context and data<\/h2>\t\t\t\t<\/div>\n\t\t\t\t<div class=\"elementor-element elementor-element-130a1ff elementor-widget elementor-widget-text-editor\" data-id=\"130a1ff\" data-element_type=\"widget\" data-e-type=\"widget\" data-widget_type=\"text-editor.default\">\n\t\t\t\t\t\t\t\t\t<p>We combine three essential levers:<\/p>\t\t\t\t\t\t\t\t<\/div>\n\t\t<div class=\"elementor-element elementor-element-4cfd974 e-grid e-con-full e-con e-child\" data-id=\"4cfd974\" data-element_type=\"container\" data-e-type=\"container\">\n\t\t<div class=\"elementor-element elementor-element-e1d426d e-con-full branding-card e-flex e-con e-child\" data-id=\"e1d426d\" data-element_type=\"container\" data-e-type=\"container\">\n\t\t\t\t<div class=\"elementor-element elementor-element-4cb0b5c branding-card-titre elementor-widget elementor-widget-heading\" data-id=\"4cb0b5c\" data-element_type=\"widget\" data-e-type=\"widget\" data-widget_type=\"heading.default\">\n\t\t\t\t\t<h3 class=\"elementor-heading-title elementor-size-default\">Visibility<\/h3>\t\t\t\t<\/div>\n\t\t\t\t<div class=\"elementor-element elementor-element-9eb93e6 branding-card-sep elementor-widget-divider--view-line elementor-widget elementor-widget-divider\" data-id=\"9eb93e6\" data-element_type=\"widget\" data-e-type=\"widget\" data-widget_type=\"divider.default\">\n\t\t\t\t\t\t\t<div class=\"elementor-divider\">\n\t\t\t<span class=\"elementor-divider-separator\">\n\t\t\t\t\t\t<\/span>\n\t\t<\/div>\n\t\t\t\t\t\t<\/div>\n\t\t\t\t<div class=\"elementor-element elementor-element-a3b2021 elementor-widget elementor-widget-text-editor\" data-id=\"a3b2021\" data-element_type=\"widget\" data-e-type=\"widget\" data-widget_type=\"text-editor.default\">\n\t\t\t\t\t\t\t\t\t<p>Formats designed for<br \/>capture attention and reinforce the message.<\/p>\t\t\t\t\t\t\t\t<\/div>\n\t\t\t\t<\/div>\n\t\t<div class=\"elementor-element elementor-element-21ebbfc e-con-full branding-card e-flex e-con e-child\" data-id=\"21ebbfc\" data-element_type=\"container\" data-e-type=\"container\">\n\t\t\t\t<div class=\"elementor-element elementor-element-fc64d45 branding-card-titre elementor-widget elementor-widget-heading\" data-id=\"fc64d45\" data-element_type=\"widget\" data-e-type=\"widget\" data-widget_type=\"heading.default\">\n\t\t\t\t\t<h3 class=\"elementor-heading-title elementor-size-default\">Context<\/h3>\t\t\t\t<\/div>\n\t\t\t\t<div class=\"elementor-element elementor-element-cd039e2 branding-card-sep elementor-widget-divider--view-line elementor-widget elementor-widget-divider\" data-id=\"cd039e2\" data-element_type=\"widget\" data-e-type=\"widget\" data-widget_type=\"divider.default\">\n\t\t\t\t\t\t\t<div class=\"elementor-divider\">\n\t\t\t<span class=\"elementor-divider-separator\">\n\t\t\t\t\t\t<\/span>\n\t\t<\/div>\n\t\t\t\t\t\t<\/div>\n\t\t\t\t<div class=\"elementor-element elementor-element-825f7d6 elementor-widget elementor-widget-text-editor\" data-id=\"825f7d6\" data-element_type=\"widget\" data-e-type=\"widget\" data-widget_type=\"text-editor.default\">\n\t\t\t\t\t\t\t\t\t<p>Broadcasting in environments<br \/>premium and affinity customers.<\/p>\t\t\t\t\t\t\t\t<\/div>\n\t\t\t\t<\/div>\n\t\t<div class=\"elementor-element elementor-element-2f92b82 e-con-full branding-card e-flex e-con e-child\" data-id=\"2f92b82\" data-element_type=\"container\" data-e-type=\"container\">\n\t\t\t\t<div class=\"elementor-element elementor-element-33e6b7b branding-card-titre elementor-widget elementor-widget-heading\" data-id=\"33e6b7b\" data-element_type=\"widget\" data-e-type=\"widget\" data-widget_type=\"heading.default\">\n\t\t\t\t\t<h3 class=\"elementor-heading-title elementor-size-default\">Data<\/h3>\t\t\t\t<\/div>\n\t\t\t\t<div class=\"elementor-element elementor-element-a7d0617 branding-card-sep elementor-widget-divider--view-line elementor-widget elementor-widget-divider\" data-id=\"a7d0617\" data-element_type=\"widget\" data-e-type=\"widget\" data-widget_type=\"divider.default\">\n\t\t\t\t\t\t\t<div class=\"elementor-divider\">\n\t\t\t<span class=\"elementor-divider-separator\">\n\t\t\t\t\t\t<\/span>\n\t\t<\/div>\n\t\t\t\t\t\t<\/div>\n\t\t\t\t<div class=\"elementor-element elementor-element-3452854 elementor-widget elementor-widget-text-editor\" data-id=\"3452854\" data-element_type=\"widget\" data-e-type=\"widget\" data-widget_type=\"text-editor.default\">\n\t\t\t\t\t\t\t\t\t<p>Refined targeting and<br \/>ongoing optimisation.<\/p>\t\t\t\t\t\t\t\t<\/div>\n\t\t\t\t<\/div>\n\t\t\t\t<\/div>\n\t\t\t\t<div class=\"elementor-element elementor-element-20231d3 elementor-widget elementor-widget-text-editor\" data-id=\"20231d3\" data-element_type=\"widget\" data-e-type=\"widget\" data-widget_type=\"text-editor.default\">\n\t\t\t\t\t\t\t\t\t<p>This approach guarantees powerful, relevant and responsible campaigns, capable of generating both emotion and results.<\/p>\t\t\t\t\t\t\t\t<\/div>\n\t\t\t\t\t<\/div>\n\t\t\t\t<\/div>\n\t\t<div class=\"elementor-element elementor-element-864c1e5 e-con-full e-flex e-con e-child\" data-id=\"864c1e5\" data-element_type=\"container\" data-e-type=\"container\">\n\t\t\t\t<div class=\"elementor-element elementor-element-a219549 elementor-widget elementor-widget-heading\" data-id=\"a219549\" data-element_type=\"widget\" data-e-type=\"widget\" data-widget_type=\"heading.default\">\n\t\t\t\t\t<h2 class=\"elementor-heading-title elementor-size-default\">Measuring and<br>\noptimising impact<\/h2>\t\t\t\t<\/div>\n\t\t<div class=\"elementor-element elementor-element-de1241f e-con-full e-flex e-con e-child\" data-id=\"de1241f\" data-element_type=\"container\" data-e-type=\"container\">\n\t\t<div class=\"elementor-element elementor-element-ffb64cb e-con-full e-flex e-con e-child\" data-id=\"ffb64cb\" data-element_type=\"container\" data-e-type=\"container\">\n\t\t\t\t<div class=\"elementor-element elementor-element-38eae48 elementor-widget-tablet__width-inherit elementor-widget elementor-widget-text-editor\" data-id=\"38eae48\" data-element_type=\"widget\" data-e-type=\"widget\" data-widget_type=\"text-editor.default\">\n\t\t\t\t\t\t\t\t\t<p>We monitor all the key KPIs. Thanks to our technological environment and analysis tools, we adjust strategies in real time to turn your investments into tangible impact.<\/p>\t\t\t\t\t\t\t\t<\/div>\n\t\t\t\t<div class=\"elementor-element elementor-element-75ae8a9 elementor-align-left elementor-mobile-align-justify elementor-widget elementor-widget-button\" data-id=\"75ae8a9\" data-element_type=\"widget\" data-e-type=\"widget\" data-widget_type=\"button.default\">\n\t\t\t\t\t\t\t\t\t\t<a class=\"elementor-button elementor-button-link elementor-size-sm\" href=\"https:\/\/dailyfresh-media.com\/en\/solutions\/analytics\/\">\n\t\t\t\t\t\t<span class=\"elementor-button-content-wrapper\">\n\t\t\t\t\t\t\t\t\t<span class=\"elementor-button-text\">Analytics<\/span>\n\t\t\t\t\t<\/span>\n\t\t\t\t\t<\/a>\n\t\t\t\t\t\t\t\t<\/div>\n\t\t\t\t<\/div>\n\t\t<div class=\"elementor-element elementor-element-3dc55fb e-con-full e-flex e-con e-child\" data-id=\"3dc55fb\" data-element_type=\"container\" data-e-type=\"container\" data-settings=\"{&quot;background_background&quot;:&quot;classic&quot;}\">\n\t\t\t\t<\/div>\n\t\t\t\t<\/div>\n\t\t\t\t<\/div>\n\t\t\t\t<\/div>\n\t\t\t\t\t<\/div>\n\t\t\t\t<\/div>\n\t\t<div class=\"elementor-element elementor-element-9d7f9d7 e-flex e-con-boxed e-con e-parent\" data-id=\"9d7f9d7\" data-element_type=\"container\" data-e-type=\"container\">\n\t\t\t\t\t<div class=\"e-con-inner\">\n\t\t<div class=\"elementor-element elementor-element-6834ddb e-flex e-con-boxed e-con e-child\" data-id=\"6834ddb\" data-element_type=\"container\" data-e-type=\"container\" data-settings=\"{&quot;background_background&quot;:&quot;classic&quot;}\">\n\t\t\t\t\t<div class=\"e-con-inner\">\n\t\t\t\t<div class=\"elementor-element elementor-element-79afe11 elementor-widget elementor-widget-heading\" data-id=\"79afe11\" data-element_type=\"widget\" data-e-type=\"widget\" data-widget_type=\"heading.default\">\n\t\t\t\t\t<h2 class=\"elementor-heading-title elementor-size-default\">The success of a campaign lies in its ability to make the link between creation and performance, storytelling and data, inspiration and conversion.\n<\/h2>\t\t\t\t<\/div>\n\t\t\t\t<div class=\"elementor-element elementor-element-e78355e elementor-widget-mobile__width-inherit elementor-widget elementor-widget-text-editor\" data-id=\"e78355e\" data-element_type=\"widget\" data-e-type=\"widget\" data-widget_type=\"text-editor.default\">\n\t\t\t\t\t\t\t\t\t<p>It is this integrated approach that makes Dailyfresh Media a global partner, capable of transforming each campaign into a coherent and measurable experience.<\/p>\t\t\t\t\t\t\t\t<\/div>\n\t\t\t\t\t<\/div>\n\t\t\t\t<\/div>\n\t\t\t\t\t<\/div>\n\t\t\t\t<\/div>\n\t\t\t\t<\/div>","protected":false},"excerpt":{"rendered":"<p>Branding To Performance Branding To Performance Branding To Performance Branding To Performance Branding To Performance Branding To Performance Branding To Performance Branding To Performance Branding To Performance Branding To Performance Branding To Performance Branding To Performance Nous concevons des strat\u00e9gies publicitaires adapt\u00e9es \u00e0 chaque \u00e9tape du parcours client, du branding \u00e0 la conversion. Chaque campagne [&hellip;]<\/p>\n","protected":false},"author":1,"featured_media":0,"parent":248,"menu_order":0,"comment_status":"closed","ping_status":"closed","template":"","meta":{"footnotes":""},"class_list":["post-2569","page","type-page","status-publish","hentry"],"_links":{"self":[{"href":"https:\/\/dailyfresh-media.com\/en\/wp-json\/wp\/v2\/pages\/2569","targetHints":{"allow":["GET"]}}],"collection":[{"href":"https:\/\/dailyfresh-media.com\/en\/wp-json\/wp\/v2\/pages"}],"about":[{"href":"https:\/\/dailyfresh-media.com\/en\/wp-json\/wp\/v2\/types\/page"}],"author":[{"embeddable":true,"href":"https:\/\/dailyfresh-media.com\/en\/wp-json\/wp\/v2\/users\/1"}],"replies":[{"embeddable":true,"href":"https:\/\/dailyfresh-media.com\/en\/wp-json\/wp\/v2\/comments?post=2569"}],"version-history":[{"count":0,"href":"https:\/\/dailyfresh-media.com\/en\/wp-json\/wp\/v2\/pages\/2569\/revisions"}],"up":[{"embeddable":true,"href":"https:\/\/dailyfresh-media.com\/en\/wp-json\/wp\/v2\/pages\/248"}],"wp:attachment":[{"href":"https:\/\/dailyfresh-media.com\/en\/wp-json\/wp\/v2\/media?parent=2569"}],"curies":[{"name":"wp","href":"https:\/\/api.w.org\/{rel}","templated":true}]}}