{"id":2578,"date":"2025-12-24T11:07:44","date_gmt":"2025-12-24T11:07:44","guid":{"rendered":"https:\/\/dailyfresh-media.com\/?page_id=2578"},"modified":"2026-01-22T18:31:30","modified_gmt":"2026-01-22T18:31:30","slug":"studio","status":"publish","type":"page","link":"https:\/\/dailyfresh-media.com\/en\/solutions\/studio\/","title":{"rendered":"Studio"},"content":{"rendered":"\t\t<div data-elementor-type=\"wp-page\" data-elementor-id=\"2578\" class=\"elementor elementor-2578\" data-elementor-post-type=\"page\">\n\t\t\t\t<div class=\"elementor-element elementor-element-dae9022 e-con-full e-flex e-con e-parent\" data-id=\"dae9022\" data-element_type=\"container\" data-e-type=\"container\">\n\t\t\t\t<div class=\"elementor-element elementor-element-dd9ff22 elementor-widget elementor-widget-deensimc-smooth-text\" data-id=\"dd9ff22\" data-element_type=\"widget\" data-e-type=\"widget\" data-widget_type=\"deensimc-smooth-text.default\">\n\t\t\t\t<div class=\"elementor-widget-container\">\n\t\t\t\t\t\t\t<div class=\"deensimc-marquee-main-container deensimc-text-marquee\n\t\t\"\n\t\t\tdata-marquee-speed=\"8\"\n\t\t\tdata-track-fill=\"yes\"\n\t\t\tdata-track-item-selector=\".deensimc-text-wrapper\"\n\t\t\tdata-track-target-horizontal=\"2560\"\t\t\t>\n\t\t\t<div class=\"deensimc-marquee-track-wrapper\">\n\t\t\t\t<div class=\"deensimc-marquee-track\">\n\t\t\t\t\t\t\t\t<div class=\"deensimc-text-wrapper\" aria-hidden=\"false\">\n\t\t\t\t<svg xmlns=\"http:\/\/www.w3.org\/2000\/svg\" id=\"Calque_2\" data-name=\"Calque 2\" viewBox=\"0 0 757.46 757.46\"><defs><style>      .forme2-cls-1 {        stroke-width: 0px;      }    <\/style><\/defs><g id=\"Calque_1-2\" data-name=\"Calque 1\"><circle class=\"forme2-cls-1\" cx=\"378.73\" cy=\"378.73\" r=\"378.73\"><\/circle><\/g><\/svg>\t\t\t\t\t\t\t\t\t<p class=\"deensimc-scroll-text\">\n\t\t\t\t\t\tStudio\t\t\t\t\t<\/p>\n\t\t\t\t\t\t\t<\/div>\n\t\t\t\t\t\t<\/div>\n\t\t\t\t<div aria-hidden=\"true\" class=\"deensimc-marquee-track\">\n\t\t\t\t\t\t\t\t<div class=\"deensimc-text-wrapper\" aria-hidden=\"false\">\n\t\t\t\t<svg xmlns=\"http:\/\/www.w3.org\/2000\/svg\" id=\"Calque_2\" data-name=\"Calque 2\" viewBox=\"0 0 757.46 757.46\"><defs><style>      .forme2-cls-1 {        stroke-width: 0px;      }    <\/style><\/defs><g id=\"Calque_1-2\" data-name=\"Calque 1\"><circle class=\"forme2-cls-1\" cx=\"378.73\" cy=\"378.73\" r=\"378.73\"><\/circle><\/g><\/svg>\t\t\t\t\t\t\t\t\t<p class=\"deensimc-scroll-text\">\n\t\t\t\t\t\tStudio\t\t\t\t\t<\/p>\n\t\t\t\t\t\t\t<\/div>\n\t\t\t\t\t\t<\/div>\n\t\t\t<\/div>\n\t\t<\/div>\n\t\t\t\t<\/div>\n\t\t\t\t<\/div>\n\t\t\t\t<noscript>\n\t\t\t<div class=\"deensimc-noscript-notice\" role=\"note\">\n\t\t\t\tThis section requires JavaScript to load properly. Please enable JavaScript in your browser and reload the page.\t\t\t<\/div>\n\t\t<\/noscript>\n\t\t<\/div>\n\t\t<div class=\"elementor-element elementor-element-f26a2bb e-flex e-con-boxed e-con e-parent\" data-id=\"f26a2bb\" data-element_type=\"container\" data-e-type=\"container\">\n\t\t\t\t\t<div class=\"e-con-inner\">\n\t\t<div class=\"elementor-element elementor-element-edac2ee e-con-full e-flex e-con e-child\" data-id=\"edac2ee\" data-element_type=\"container\" data-e-type=\"container\">\n\t\t\t\t<div class=\"elementor-element elementor-element-001fba3 elementor-widget elementor-widget-heading\" data-id=\"001fba3\" data-element_type=\"widget\" data-e-type=\"widget\" data-widget_type=\"heading.default\">\n\t\t\t\t\t<h1 class=\"elementor-heading-title elementor-size-default\">Cr\u00e9er pour<br>\ncapter l\u2019attention.<\/h1>\t\t\t\t<\/div>\n\t\t\t\t<div class=\"elementor-element elementor-element-74e2893 elementor-widget elementor-widget-text-editor\" data-id=\"74e2893\" data-element_type=\"widget\" data-e-type=\"widget\" data-widget_type=\"text-editor.default\">\n\t\t\t\t\t\t\t\t\t<p>la cr\u00e9ation n\u2019est pas une \u00e9tape isol\u00e9e :<br \/>c\u2019est un levier strat\u00e9gique au service de la performance.<\/p><p>Notre Studio DFM con\u00e7oit des exp\u00e9riences publicitaires sur mesure, pens\u00e9es pour capter l\u2019attention, transmettre un message clair et renforcer la valeur de marque sur chaque canal.<\/p><p>Nous transformons les id\u00e9es en formats adapt\u00e9s \u00e0 chaque canal publicitaire\u2014 pour que chaque impression compte.<\/p>\t\t\t\t\t\t\t\t<\/div>\n\t\t\t\t<\/div>\n\t\t\t\t<div class=\"elementor-element elementor-element-43da986 elementor-widget__width-initial elementor-widget-mobile__width-inherit elementor-widget-tablet__width-inherit elementor-widget elementor-widget-image\" data-id=\"43da986\" data-element_type=\"widget\" data-e-type=\"widget\" data-widget_type=\"image.default\">\n\t\t\t\t\t\t\t\t\t\t\t\t\t\t\t<img fetchpriority=\"high\" decoding=\"async\" width=\"652\" height=\"521\" src=\"https:\/\/dailyfresh-media.com\/wp-content\/uploads\/2026\/01\/V2_STUDIO_4.png\" class=\"attachment-large size-large wp-image-2906\" alt=\"\" srcset=\"https:\/\/dailyfresh-media.com\/wp-content\/uploads\/2026\/01\/V2_STUDIO_4.png 652w, https:\/\/dailyfresh-media.com\/wp-content\/uploads\/2026\/01\/V2_STUDIO_4-300x240.png 300w, https:\/\/dailyfresh-media.com\/wp-content\/uploads\/2026\/01\/V2_STUDIO_4-15x12.png 15w\" sizes=\"(max-width: 652px) 100vw, 652px\" \/>\t\t\t\t\t\t\t\t\t\t\t\t\t\t\t<\/div>\n\t\t\t\t\t<\/div>\n\t\t\t\t<\/div>\n\t\t<div class=\"elementor-element elementor-element-062beb0 e-flex e-con-boxed e-con e-parent\" data-id=\"062beb0\" data-element_type=\"container\" data-e-type=\"container\">\n\t\t\t\t\t<div class=\"e-con-inner\">\n\t\t<div class=\"elementor-element elementor-element-d0cdba2 e-con-full e-flex e-con e-child\" data-id=\"d0cdba2\" data-element_type=\"container\" data-e-type=\"container\" data-settings=\"{&quot;background_background&quot;:&quot;classic&quot;}\">\n\t\t<div class=\"elementor-element elementor-element-270495e e-flex e-con-boxed e-con e-child\" data-id=\"270495e\" data-element_type=\"container\" data-e-type=\"container\">\n\t\t\t\t\t<div class=\"e-con-inner\">\n\t\t\t\t<div class=\"elementor-element elementor-element-fb6fc41 elementor-widget elementor-widget-heading\" data-id=\"fb6fc41\" data-element_type=\"widget\" data-e-type=\"widget\" data-widget_type=\"heading.default\">\n\t\t\t\t\t<h2 class=\"elementor-heading-title elementor-size-default\">Dans un univers digital satur\u00e9 o\u00f9 chaque seconde compte,\nl\u2019attention est devenue la nouvelle monnaie du m\u00e9dia.<\/h2>\t\t\t\t<\/div>\n\t\t\t\t<div class=\"elementor-element elementor-element-860704b elementor-widget elementor-widget-text-editor\" data-id=\"860704b\" data-element_type=\"widget\" data-e-type=\"widget\" data-widget_type=\"text-editor.default\">\n\t\t\t\t\t\t\t\t\t<p>Nous concevons des cr\u00e9ations qui \u00e9mergent, suscitent l\u2019\u00e9motion et maximisent la m\u00e9morisation du message.<\/p>\t\t\t\t\t\t\t\t<\/div>\n\t\t\t\t<div class=\"elementor-element elementor-element-4643584 elementor-widget elementor-widget-text-editor\" data-id=\"4643584\" data-element_type=\"widget\" data-e-type=\"widget\" data-widget_type=\"text-editor.default\">\n\t\t\t\t\t\t\t\t\t<p>Nos formats sont d\u00e9velopp\u00e9s selon les r\u00e8gles de l\u2019attention publicitaire :<\/p>\t\t\t\t\t\t\t\t<\/div>\n\t\t<div class=\"elementor-element elementor-element-a662a5a e-con-full e-flex e-con e-child\" data-id=\"a662a5a\" data-element_type=\"container\" data-e-type=\"container\">\n\t\t\t\t<div class=\"elementor-element elementor-element-9e197bc elementor-widget elementor-widget-n-carousel\" data-id=\"9e197bc\" data-element_type=\"widget\" data-e-type=\"widget\" data-settings=\"{&quot;carousel_items&quot;:[{&quot;slide_title&quot;:&quot;Diapositive N\\u00b01&quot;,&quot;_id&quot;:&quot;3e5cf66&quot;},{&quot;slide_title&quot;:&quot;Diapositive N\\u00b02&quot;,&quot;_id&quot;:&quot;7bf5ca7&quot;},{&quot;slide_title&quot;:&quot;Diapositive N\\u00b03&quot;,&quot;_id&quot;:&quot;b558dfe&quot;}],&quot;slides_to_show&quot;:&quot;3&quot;,&quot;image_spacing_custom&quot;:{&quot;unit&quot;:&quot;px&quot;,&quot;size&quot;:0,&quot;sizes&quot;:[]},&quot;slides_to_show_tablet&quot;:&quot;2&quot;,&quot;slides_to_show_mobile&quot;:&quot;1&quot;,&quot;speed&quot;:500,&quot;image_spacing_custom_tablet&quot;:{&quot;unit&quot;:&quot;px&quot;,&quot;size&quot;:&quot;&quot;,&quot;sizes&quot;:[]},&quot;image_spacing_custom_mobile&quot;:{&quot;unit&quot;:&quot;px&quot;,&quot;size&quot;:&quot;&quot;,&quot;sizes&quot;:[]}}\" data-widget_type=\"nested-carousel.default\">\n\t\t\t\t\t\t\t<div class=\"e-n-carousel swiper\" role=\"region\" aria-roledescription=\"carousel\" aria-label=\"Carousel\" dir=\"ltr\">\n\t\t\t<div class=\"swiper-wrapper\" aria-live=\"polite\">\n\t\t\t\t\t\t\t\t\t\t<div class=\"swiper-slide\" data-slide=\"1\" role=\"group\" aria-roledescription=\"slide\" aria-label=\"1 of 3\">\n\t\t\t\t\t\t\t<div class=\"elementor-element elementor-element-046db43 e-flex e-con-boxed e-con e-child\" data-id=\"046db43\" data-element_type=\"container\" data-e-type=\"container\">\n\t\t\t\t\t<div class=\"e-con-inner\">\n\t\t\t\t<div class=\"elementor-element elementor-element-5ef1078 elementor-widget elementor-widget-heading\" data-id=\"5ef1078\" data-element_type=\"widget\" data-e-type=\"widget\" data-widget_type=\"heading.default\">\n\t\t\t\t\t<h3 class=\"elementor-heading-title elementor-size-default\">Une accroche<br>\nimm\u00e9diate<\/h3>\t\t\t\t<\/div>\n\t\t\t\t<div class=\"elementor-element elementor-element-95384b0 elementor-widget elementor-widget-text-editor\" data-id=\"95384b0\" data-element_type=\"widget\" data-e-type=\"widget\" data-widget_type=\"text-editor.default\">\n\t\t\t\t\t\t\t\t\t<p>(1,3 seconde pour capter l\u2019int\u00e9r\u00eat)<\/p>\t\t\t\t\t\t\t\t<\/div>\n\t\t\t\t\t<\/div>\n\t\t\t\t<\/div>\n\t\t\t\t\t\t\t\t<\/div>\n\t\t\t\t\t\t\t\t\t\t\t<div class=\"swiper-slide\" data-slide=\"2\" role=\"group\" aria-roledescription=\"slide\" aria-label=\"2 of 3\">\n\t\t\t\t\t\t\t<div class=\"elementor-element elementor-element-42ee863 e-flex e-con-boxed e-con e-child\" data-id=\"42ee863\" data-element_type=\"container\" data-e-type=\"container\">\n\t\t\t\t\t<div class=\"e-con-inner\">\n\t\t\t\t<div class=\"elementor-element elementor-element-b4666b5 elementor-widget elementor-widget-heading\" data-id=\"b4666b5\" data-element_type=\"widget\" data-e-type=\"widget\" data-widget_type=\"heading.default\">\n\t\t\t\t\t<h3 class=\"elementor-heading-title elementor-size-default\">Des visuels<br>\ndynamiques adapt\u00e9s<br>\n\u00e0 chaque support<\/h3>\t\t\t\t<\/div>\n\t\t\t\t\t<\/div>\n\t\t\t\t<\/div>\n\t\t\t\t\t\t\t\t<\/div>\n\t\t\t\t\t\t\t\t\t\t\t<div class=\"swiper-slide\" data-slide=\"3\" role=\"group\" aria-roledescription=\"slide\" aria-label=\"3 of 3\">\n\t\t\t\t\t\t\t<div class=\"elementor-element elementor-element-78c4651 e-flex e-con-boxed e-con e-child\" data-id=\"78c4651\" data-element_type=\"container\" data-e-type=\"container\">\n\t\t\t\t\t<div class=\"e-con-inner\">\n\t\t\t\t<div class=\"elementor-element elementor-element-00e4b39 elementor-widget elementor-widget-heading\" data-id=\"00e4b39\" data-element_type=\"widget\" data-e-type=\"widget\" data-widget_type=\"heading.default\">\n\t\t\t\t\t<h3 class=\"elementor-heading-title elementor-size-default\">Une lecture fluide<br>\net claire, orient\u00e9e<br>\nconversion<\/h3>\t\t\t\t<\/div>\n\t\t\t\t\t<\/div>\n\t\t\t\t<\/div>\n\t\t\t\t\t\t\t\t<\/div>\n\t\t\t\t\t\t\t\t<\/div>\n\t\t<\/div>\n\t\t\t\t\t\t<\/div>\n\t\t\t\t<div class=\"elementor-element elementor-element-848ea15 elementor-widget__width-initial elementor-absolute elementor-hidden-tablet elementor-hidden-mobile elementor-widget elementor-widget-image\" data-id=\"848ea15\" data-element_type=\"widget\" data-e-type=\"widget\" data-settings=\"{&quot;_position&quot;:&quot;absolute&quot;}\" data-widget_type=\"image.default\">\n\t\t\t\t\t\t\t\t\t\t\t\t\t\t\t<img decoding=\"async\" width=\"163\" height=\"163\" src=\"https:\/\/dailyfresh-media.com\/wp-content\/uploads\/2025\/12\/STUDIO_2.png\" class=\"attachment-large size-large wp-image-2581\" alt=\"\" srcset=\"https:\/\/dailyfresh-media.com\/wp-content\/uploads\/2025\/12\/STUDIO_2.png 163w, https:\/\/dailyfresh-media.com\/wp-content\/uploads\/2025\/12\/STUDIO_2-150x150.png 150w\" sizes=\"(max-width: 163px) 100vw, 163px\" \/>\t\t\t\t\t\t\t\t\t\t\t\t\t\t\t<\/div>\n\t\t\t\t<div class=\"elementor-element elementor-element-d2c9a79 elementor-widget__width-initial elementor-absolute elementor-hidden-tablet elementor-hidden-mobile elementor-widget elementor-widget-image\" data-id=\"d2c9a79\" data-element_type=\"widget\" data-e-type=\"widget\" data-settings=\"{&quot;_position&quot;:&quot;absolute&quot;}\" data-widget_type=\"image.default\">\n\t\t\t\t\t\t\t\t\t\t\t\t\t\t\t<img decoding=\"async\" width=\"156\" height=\"163\" src=\"https:\/\/dailyfresh-media.com\/wp-content\/uploads\/2025\/12\/STUDIO_3.png\" class=\"attachment-large size-large wp-image-2582\" alt=\"\" \/>\t\t\t\t\t\t\t\t\t\t\t\t\t\t\t<\/div>\n\t\t\t\t<\/div>\n\t\t\t\t<div class=\"elementor-element elementor-element-4c38933 elementor-widget elementor-widget-text-editor\" data-id=\"4c38933\" data-element_type=\"widget\" data-e-type=\"widget\" data-widget_type=\"text-editor.default\">\n\t\t\t\t\t\t\t\t\t<p>Une cr\u00e9ation efficace, c\u2019est celle qui allie impact visuel et pertinence contextuelle.<\/p>\t\t\t\t\t\t\t\t<\/div>\n\t\t\t\t\t<\/div>\n\t\t\t\t<\/div>\n\t\t<div class=\"elementor-element elementor-element-7e73d4f e-con-full e-flex e-con e-child\" data-id=\"7e73d4f\" data-element_type=\"container\" data-e-type=\"container\">\n\t\t\t\t<div class=\"elementor-element elementor-element-4f7ec0d elementor-widget elementor-widget-image\" data-id=\"4f7ec0d\" data-element_type=\"widget\" data-e-type=\"widget\" data-widget_type=\"image.default\">\n\t\t\t\t\t\t\t\t\t\t\t\t\t\t\t<img loading=\"lazy\" decoding=\"async\" width=\"800\" height=\"409\" src=\"https:\/\/dailyfresh-media.com\/wp-content\/uploads\/2025\/12\/STUDIO_CARROUSEL.gif\" class=\"attachment-large size-large wp-image-2583\" alt=\"\" \/>\t\t\t\t\t\t\t\t\t\t\t\t\t\t\t<\/div>\n\t\t\t\t<\/div>\n\t\t<div class=\"elementor-element elementor-element-3d6ac84 e-flex e-con-boxed e-con e-child\" data-id=\"3d6ac84\" data-element_type=\"container\" data-e-type=\"container\" data-settings=\"{&quot;background_background&quot;:&quot;classic&quot;}\">\n\t\t\t\t\t<div class=\"e-con-inner\">\n\t\t\t\t<div class=\"elementor-element elementor-element-48d298f elementor-widget__width-inherit elementor-absolute elementor-widget elementor-widget-image\" data-id=\"48d298f\" data-element_type=\"widget\" data-e-type=\"widget\" data-settings=\"{&quot;_position&quot;:&quot;absolute&quot;}\" data-widget_type=\"image.default\">\n\t\t\t\t\t\t\t\t\t\t\t\t\t\t\t<img loading=\"lazy\" decoding=\"async\" width=\"181\" height=\"164\" src=\"https:\/\/dailyfresh-media.com\/wp-content\/uploads\/2025\/12\/STUDIO_4.png\" class=\"attachment-large size-large wp-image-2585\" alt=\"\" \/>\t\t\t\t\t\t\t\t\t\t\t\t\t\t\t<\/div>\n\t\t<div class=\"elementor-element elementor-element-508b364 e-con-full e-flex e-con e-child\" data-id=\"508b364\" data-element_type=\"container\" data-e-type=\"container\">\n\t\t\t\t<div class=\"elementor-element elementor-element-74df714 elementor-widget elementor-widget-heading\" data-id=\"74df714\" data-element_type=\"widget\" data-e-type=\"widget\" data-widget_type=\"heading.default\">\n\t\t\t\t\t<h2 class=\"elementor-heading-title elementor-size-default\">Cr\u00e9ation multi-format\n&amp; omnicanale<\/h2>\t\t\t\t<\/div>\n\t\t\t\t<div class=\"elementor-element elementor-element-34eb3ff elementor-widget elementor-widget-text-editor\" data-id=\"34eb3ff\" data-element_type=\"widget\" data-e-type=\"widget\" data-widget_type=\"text-editor.default\">\n\t\t\t\t\t\t\t\t\t<p>Le Studio DFM con\u00e7oit et d\u00e9cline vos campagnes sur l\u2019ensemble<br \/>des supports digitaux :<br \/>Display, Vid\u00e9o, Social Ads, CTV, DOOH, Mobile-first.<\/p><p>Nos cr\u00e9ations publicitaires associent designers, motion designers et experts m\u00e9dia pour garantir la coh\u00e9rence cr\u00e9ative et la performance technique.<\/p>\t\t\t\t\t\t\t\t<\/div>\n\t\t\t\t<\/div>\n\t\t\t\t\t<\/div>\n\t\t\t\t<\/div>\n\t\t<div class=\"elementor-element elementor-element-39571a7 e-con-full e-flex e-con e-child\" data-id=\"39571a7\" data-element_type=\"container\" data-e-type=\"container\">\n\t\t\t\t<div class=\"elementor-element elementor-element-320caa8 elementor-widget elementor-widget-heading\" data-id=\"320caa8\" data-element_type=\"widget\" data-e-type=\"widget\" data-widget_type=\"heading.default\">\n\t\t\t\t\t<h2 class=\"elementor-heading-title elementor-size-default\">R\u00e9activit\u00e9<br>\net agilit\u00e9<\/h2>\t\t\t\t<\/div>\n\t\t<div class=\"elementor-element elementor-element-d4e227b e-con-full e-flex e-con e-child\" data-id=\"d4e227b\" data-element_type=\"container\" data-e-type=\"container\">\n\t\t\t\t<div class=\"elementor-element elementor-element-9a1ed8f elementor-widget__width-initial elementor-widget-tablet__width-inherit elementor-widget elementor-widget-text-editor\" data-id=\"9a1ed8f\" data-element_type=\"widget\" data-e-type=\"widget\" data-widget_type=\"text-editor.default\">\n\t\t\t\t\t\t\t\t\t<p>Nous accompagnons nos clients tout au long du processus, de la conception du concept \u00e0 la d\u00e9clinaison multicanal.<\/p><p><strong>Gr\u00e2ce \u00e0 une structure souple et int\u00e9gr\u00e9e, nous assurons :<\/strong><\/p><p>\u2022 Une production agile<br \/>\u2022 Des adaptations multi-pays \/ multi-langues<br \/>\u2022 Une coh\u00e9rence graphique omnicanal<\/p>\t\t\t\t\t\t\t\t<\/div>\n\t\t<div class=\"elementor-element elementor-element-33a370f e-con-full e-flex e-con e-child\" data-id=\"33a370f\" data-element_type=\"container\" data-e-type=\"container\" data-settings=\"{&quot;background_background&quot;:&quot;classic&quot;}\">\n\t\t\t\t<\/div>\n\t\t\t\t<\/div>\n\t\t\t\t<\/div>\n\t\t\t\t<\/div>\n\t\t\t\t\t<\/div>\n\t\t\t\t<\/div>\n\t\t<div class=\"elementor-element elementor-element-ca7d23b e-flex e-con-boxed e-con e-parent\" data-id=\"ca7d23b\" data-element_type=\"container\" data-e-type=\"container\">\n\t\t\t\t\t<div class=\"e-con-inner\">\n\t\t<div class=\"elementor-element elementor-element-3903e95 e-flex e-con-boxed e-con e-child\" data-id=\"3903e95\" data-element_type=\"container\" data-e-type=\"container\" data-settings=\"{&quot;background_background&quot;:&quot;classic&quot;}\">\n\t\t\t\t\t<div class=\"e-con-inner\">\n\t\t\t\t<div class=\"elementor-element elementor-element-04d405e elementor-widget elementor-widget-heading\" data-id=\"04d405e\" data-element_type=\"widget\" data-e-type=\"widget\" data-widget_type=\"heading.default\">\n\t\t\t\t\t<h2 class=\"elementor-heading-title elementor-size-default\">Studio DFM, c\u2019est la rencontre entre cr\u00e9ation et performance :\nCapter l\u2019attention, transmettre un message et cr\u00e9er de la valeur<\/h2>\t\t\t\t<\/div>\n\t\t\t\t<div class=\"elementor-element elementor-element-947845b elementor-align-center elementor-mobile-align-justify elementor-widget elementor-widget-button\" data-id=\"947845b\" data-element_type=\"widget\" data-e-type=\"widget\" data-widget_type=\"button.default\">\n\t\t\t\t\t\t\t\t\t\t<a class=\"elementor-button elementor-button-link elementor-size-sm\" href=\"https:\/\/dailyfresh-media.com\/en\/case-studies\/\">\n\t\t\t\t\t\t<span class=\"elementor-button-content-wrapper\">\n\t\t\t\t\t\t\t\t\t<span class=\"elementor-button-text\">Voir nos cr\u00e9ations<\/span>\n\t\t\t\t\t<\/span>\n\t\t\t\t\t<\/a>\n\t\t\t\t\t\t\t\t<\/div>\n\t\t\t\t\t<\/div>\n\t\t\t\t<\/div>\n\t\t\t\t\t<\/div>\n\t\t\t\t<\/div>\n\t\t\t\t<\/div>\n\t\t","protected":false},"excerpt":{"rendered":"<p>Studio Studio Studio Studio Studio Studio Studio Studio Studio Studio Studio Studio Cr\u00e9er pour capter l\u2019attention. la cr\u00e9ation n\u2019est pas une \u00e9tape isol\u00e9e :c\u2019est un levier strat\u00e9gique au service de la performance. Notre Studio DFM con\u00e7oit des exp\u00e9riences publicitaires sur mesure, pens\u00e9es pour capter l\u2019attention, transmettre un message clair et renforcer la valeur de marque [&hellip;]<\/p>\n","protected":false},"author":1,"featured_media":0,"parent":248,"menu_order":0,"comment_status":"closed","ping_status":"closed","template":"","meta":{"footnotes":""},"class_list":["post-2578","page","type-page","status-publish","hentry"],"_links":{"self":[{"href":"https:\/\/dailyfresh-media.com\/en\/wp-json\/wp\/v2\/pages\/2578","targetHints":{"allow":["GET"]}}],"collection":[{"href":"https:\/\/dailyfresh-media.com\/en\/wp-json\/wp\/v2\/pages"}],"about":[{"href":"https:\/\/dailyfresh-media.com\/en\/wp-json\/wp\/v2\/types\/page"}],"author":[{"embeddable":true,"href":"https:\/\/dailyfresh-media.com\/en\/wp-json\/wp\/v2\/users\/1"}],"replies":[{"embeddable":true,"href":"https:\/\/dailyfresh-media.com\/en\/wp-json\/wp\/v2\/comments?post=2578"}],"version-history":[{"count":0,"href":"https:\/\/dailyfresh-media.com\/en\/wp-json\/wp\/v2\/pages\/2578\/revisions"}],"up":[{"embeddable":true,"href":"https:\/\/dailyfresh-media.com\/en\/wp-json\/wp\/v2\/pages\/248"}],"wp:attachment":[{"href":"https:\/\/dailyfresh-media.com\/en\/wp-json\/wp\/v2\/media?parent=2578"}],"curies":[{"name":"wp","href":"https:\/\/api.w.org\/{rel}","templated":true}]}}