{"id":3169,"date":"2026-02-10T09:00:35","date_gmt":"2026-02-10T09:00:35","guid":{"rendered":"https:\/\/dailyfresh-media.com\/?page_id=3169"},"modified":"2026-02-10T11:16:35","modified_gmt":"2026-02-10T11:16:35","slug":"garmin","status":"publish","type":"page","link":"https:\/\/dailyfresh-media.com\/en\/case-studies\/garmin\/","title":{"rendered":"Garmin"},"content":{"rendered":"<div data-elementor-type=\"wp-page\" data-elementor-id=\"3169\" class=\"elementor elementor-3169\" data-elementor-post-type=\"page\">\n\t\t\t\t<div class=\"elementor-element elementor-element-64d6f1c e-flex e-con-boxed e-con e-parent\" data-id=\"64d6f1c\" data-element_type=\"container\" data-e-type=\"container\" data-settings=\"{&quot;background_background&quot;:&quot;classic&quot;}\">\n\t\t\t\t\t<div class=\"e-con-inner\">\n\t\t\t\t<div class=\"elementor-element elementor-element-6338fc8 elementor-widget elementor-widget-image\" data-id=\"6338fc8\" data-element_type=\"widget\" data-e-type=\"widget\" data-widget_type=\"image.default\">\n\t\t\t\t\t\t\t\t\t\t\t\t\t\t\t<img decoding=\"async\" width=\"259\" height=\"72\" src=\"https:\/\/dailyfresh-media.com\/wp-content\/uploads\/2026\/02\/GARMIN_logo.png\" class=\"attachment-full size-full wp-image-3175\" alt=\"\" srcset=\"https:\/\/dailyfresh-media.com\/wp-content\/uploads\/2026\/02\/GARMIN_logo.png 259w, https:\/\/dailyfresh-media.com\/wp-content\/uploads\/2026\/02\/GARMIN_logo-18x5.png 18w\" sizes=\"(max-width: 259px) 100vw, 259px\" \/>\t\t\t\t\t\t\t\t\t\t\t\t\t\t\t<\/div>\n\t\t\t\t<div class=\"elementor-element elementor-element-3499358 elementor-widget-tablet__width-inherit elementor-widget elementor-widget-heading\" data-id=\"3499358\" data-element_type=\"widget\" data-e-type=\"widget\" data-widget_type=\"heading.default\">\n\t\t\t\t\t<h1 class=\"elementor-heading-title elementor-size-default\">Back to Basics 2022 campaign<\/h1>\t\t\t\t<\/div>\n\t\t<div class=\"elementor-element elementor-element-ea0a63e e-con-full e-flex e-con e-child\" data-id=\"ea0a63e\" data-element_type=\"container\" data-e-type=\"container\">\n\t\t\t\t<div class=\"elementor-element elementor-element-8a6bdfc elementor-widget elementor-widget-heading\" data-id=\"8a6bdfc\" data-element_type=\"widget\" data-e-type=\"widget\" data-widget_type=\"heading.default\">\n\t\t\t\t\t<h6 class=\"elementor-heading-title elementor-size-default\">Graphic design<\/h6>\t\t\t\t<\/div>\n\t\t\t\t<div class=\"elementor-element elementor-element-79d1563 elementor-widget elementor-widget-heading\" data-id=\"79d1563\" data-element_type=\"widget\" data-e-type=\"widget\" data-widget_type=\"heading.default\">\n\t\t\t\t\t<h6 class=\"elementor-heading-title elementor-size-default\">Deployment<\/h6>\t\t\t\t<\/div>\n\t\t\t\t<div class=\"elementor-element elementor-element-e09a340 elementor-widget elementor-widget-heading\" data-id=\"e09a340\" data-element_type=\"widget\" data-e-type=\"widget\" data-widget_type=\"heading.default\">\n\t\t\t\t\t<h6 class=\"elementor-heading-title elementor-size-default\">Council<\/h6>\t\t\t\t<\/div>\n\t\t\t\t<\/div>\n\t\t\t\t\t<\/div>\n\t\t\t\t<\/div>\n\t\t<div class=\"elementor-element elementor-element-1fc93fc e-con-full e-flex e-con e-parent\" data-id=\"1fc93fc\" data-element_type=\"container\" data-e-type=\"container\">\n\t\t<div class=\"elementor-element elementor-element-f3d8214 e-con-full e-flex e-con e-child\" data-id=\"f3d8214\" data-element_type=\"container\" data-e-type=\"container\">\n\t\t<div class=\"elementor-element elementor-element-c6a91c1 e-con-full e-flex e-con e-child\" data-id=\"c6a91c1\" data-element_type=\"container\" data-e-type=\"container\">\n\t\t\t\t<div class=\"elementor-element elementor-element-930c5d8 elementor-widget elementor-widget-heading\" data-id=\"930c5d8\" data-element_type=\"widget\" data-e-type=\"widget\" data-widget_type=\"heading.default\">\n\t\t\t\t\t<h2 class=\"elementor-heading-title elementor-size-default\">Background and<br>Objectives<\/h2>\t\t\t\t<\/div>\n\t\t<div class=\"elementor-element elementor-element-f4895de e-con-full e-flex e-con e-child\" data-id=\"f4895de\" data-element_type=\"container\" data-e-type=\"container\">\n\t\t\t\t<div class=\"elementor-element elementor-element-102b415 elementor-widget elementor-widget-text-editor\" data-id=\"102b415\" data-element_type=\"widget\" data-e-type=\"widget\" data-widget_type=\"text-editor.default\">\n\t\t\t\t\t\t\t\t\t<p>At the end of 2022, with the advertising agency<br \/>AdMySports from the DailyFresh Media group, Garmin launched the \u00abBack to<br \/>Basics\u00bb, aimed at raising awareness of its range of smartwatches, particularly among sports fans and new technology enthusiasts.<\/p>\t\t\t\t\t\t\t\t<\/div>\n\t\t\t\t<div class=\"elementor-element elementor-element-83f01d2 elementor-widget-divider--view-line elementor-widget elementor-widget-divider\" data-id=\"83f01d2\" data-element_type=\"widget\" data-e-type=\"widget\" data-widget_type=\"divider.default\">\n\t\t\t\t\t\t\t<div class=\"elementor-divider\">\n\t\t\t<span class=\"elementor-divider-separator\">\n\t\t\t\t\t\t<\/span>\n\t\t<\/div>\n\t\t\t\t\t\t<\/div>\n\t\t\t\t<div class=\"elementor-element elementor-element-aef8577 elementor-widget elementor-widget-text-editor\" data-id=\"aef8577\" data-element_type=\"widget\" data-e-type=\"widget\" data-widget_type=\"text-editor.default\">\n\t\t\t\t\t\t\t\t\t<p>The <strong>strategic objectives<\/strong> were :<\/p>\t\t\t\t\t\t\t\t<\/div>\n\t\t\t\t<div class=\"elementor-element elementor-element-2124565 elementor-widget elementor-widget-text-editor\" data-id=\"2124565\" data-element_type=\"widget\" data-e-type=\"widget\" data-widget_type=\"text-editor.default\">\n\t\t\t\t\t\t\t\t\t<p><strong>- Increase traffic<br \/>- Maximising video engagement<br \/>- Ensuring strong coverage<br \/>- Broadcasting on connected TV<br \/><\/strong><\/p>\t\t\t\t\t\t\t\t<\/div>\n\t\t\t\t<\/div>\n\t\t\t\t<\/div>\n\t\t\t\t<\/div>\n\t\t<div class=\"elementor-element elementor-element-cc32dcc e-con-full e-flex e-con e-child\" data-id=\"cc32dcc\" data-element_type=\"container\" data-e-type=\"container\">\n\t\t\t\t<div class=\"elementor-element elementor-element-055f514 elementor-widget elementor-widget-image\" data-id=\"055f514\" data-element_type=\"widget\" data-e-type=\"widget\" data-widget_type=\"image.default\">\n\t\t\t\t\t\t\t\t\t\t\t\t\t\t\t<img fetchpriority=\"high\" decoding=\"async\" width=\"570\" height=\"835\" src=\"https:\/\/dailyfresh-media.com\/wp-content\/uploads\/2026\/02\/GARMIN_img1.jpg\" class=\"attachment-large size-large wp-image-3174\" alt=\"\" srcset=\"https:\/\/dailyfresh-media.com\/wp-content\/uploads\/2026\/02\/GARMIN_img1.jpg 570w, https:\/\/dailyfresh-media.com\/wp-content\/uploads\/2026\/02\/GARMIN_img1-205x300.jpg 205w, https:\/\/dailyfresh-media.com\/wp-content\/uploads\/2026\/02\/GARMIN_img1-8x12.jpg 8w\" sizes=\"(max-width: 570px) 100vw, 570px\" \/>\t\t\t\t\t\t\t\t\t\t\t\t\t\t\t<\/div>\n\t\t\t\t<\/div>\n\t\t\t\t<\/div>\n\t\t<div class=\"elementor-element elementor-element-c526a7f e-flex e-con-boxed e-con e-parent\" data-id=\"c526a7f\" data-element_type=\"container\" data-e-type=\"container\" data-settings=\"{&quot;background_background&quot;:&quot;classic&quot;}\">\n\t\t\t\t\t<div class=\"e-con-inner\">\n\t\t\t\t<div class=\"elementor-element elementor-element-86d5a39 elementor-widget elementor-widget-heading\" data-id=\"86d5a39\" data-element_type=\"widget\" data-e-type=\"widget\" data-widget_type=\"heading.default\">\n\t\t\t\t\t<h2 class=\"elementor-heading-title elementor-size-default\">Key figures and results<\/h2>\t\t\t\t<\/div>\n\t\t<div class=\"elementor-element elementor-element-4cc136f e-flex e-con-boxed e-con e-child\" data-id=\"4cc136f\" data-element_type=\"container\" data-e-type=\"container\">\n\t\t\t\t\t<div class=\"e-con-inner\">\n\t\t\t\t<div class=\"elementor-element elementor-element-ec385ec elementor-widget-mobile__width-inherit elementor-widget__width-initial elementor-widget elementor-widget-counter\" data-id=\"ec385ec\" data-element_type=\"widget\" data-e-type=\"widget\" data-widget_type=\"counter.default\">\n\t\t\t\t\t\t\t<div class=\"elementor-counter\">\n\t\t\t<div class=\"elementor-counter-title\">Video views<\/div>\t\t\t<div class=\"elementor-counter-number-wrapper\">\n\t\t\t\t<span class=\"elementor-counter-number-prefix\"><\/span>\n\t\t\t\t<span class=\"elementor-counter-number\" data-duration=\"1000\" data-to-value=\"5\" data-from-value=\"0\" data-delimiter=\",\">0<\/span>\n\t\t\t\t<span class=\"elementor-counter-number-suffix\">M<\/span>\n\t\t\t<\/div>\n\t\t<\/div>\n\t\t\t\t\t\t<\/div>\n\t\t\t\t<div class=\"elementor-element elementor-element-c888cc4 elementor-widget-mobile__width-inherit elementor-widget__width-initial elementor-widget elementor-widget-counter\" data-id=\"c888cc4\" data-element_type=\"widget\" data-e-type=\"widget\" data-widget_type=\"counter.default\">\n\t\t\t\t\t\t\t<div class=\"elementor-counter\">\n\t\t\t<div class=\"elementor-counter-title\">VTR<\/div>\t\t\t<div class=\"elementor-counter-number-wrapper\">\n\t\t\t\t<span class=\"elementor-counter-number-prefix\"><\/span>\n\t\t\t\t<span class=\"elementor-counter-number\" data-duration=\"1000\" data-to-value=\"82\" data-from-value=\"10\">10<\/span>\n\t\t\t\t<span class=\"elementor-counter-number-suffix\">%<\/span>\n\t\t\t<\/div>\n\t\t<\/div>\n\t\t\t\t\t\t<\/div>\n\t\t\t\t\t<\/div>\n\t\t\t\t<\/div>\n\t\t\t\t\t<\/div>\n\t\t\t\t<\/div>\n\t\t<div class=\"elementor-element elementor-element-4195f54 e-con-full e-flex e-con e-parent\" data-id=\"4195f54\" data-element_type=\"container\" data-e-type=\"container\">\n\t\t<div class=\"elementor-element elementor-element-3c97ff1 e-con-full e-flex e-con e-child\" data-id=\"3c97ff1\" data-element_type=\"container\" data-e-type=\"container\">\n\t\t<div class=\"elementor-element elementor-element-59746f3 e-con-full e-flex e-con e-child\" data-id=\"59746f3\" data-element_type=\"container\" data-e-type=\"container\">\n\t\t\t\t<div class=\"elementor-element elementor-element-5050176 elementor-widget elementor-widget-heading\" data-id=\"5050176\" data-element_type=\"widget\" data-e-type=\"widget\" data-widget_type=\"heading.default\">\n\t\t\t\t\t<h2 class=\"elementor-heading-title elementor-size-default\">An omnichannel, targeted strategy<\/h2>\t\t\t\t<\/div>\n\t\t\t\t<div class=\"elementor-element elementor-element-66f7a39 elementor-widget elementor-widget-text-editor\" data-id=\"66f7a39\" data-element_type=\"widget\" data-e-type=\"widget\" data-widget_type=\"text-editor.default\">\n\t\t\t\t\t\t\t\t\t<p><strong>- Display :\u00a0<\/strong>Static banners in HTML 5<br \/><strong>- Video &amp; Connected TV :\u00a0<\/strong>Broadcast on premium platforms and digital TV channels<\/p>\t\t\t\t\t\t\t\t<\/div>\n\t\t\t\t<div class=\"elementor-element elementor-element-15ece84 elementor-widget elementor-widget-text-editor\" data-id=\"15ece84\" data-element_type=\"widget\" data-e-type=\"widget\" data-widget_type=\"text-editor.default\">\n\t\t\t\t\t\t\t\t\t<p><strong>Advanced segmentation <\/strong>has made it possible to tailor messages to specific audiences:<br \/>\u2705\u00a0<strong>Sports targets :\u00a0<\/strong>highlighting fitness and performance features.<br \/>\u2705\u00a0<strong>Technophile targets :\u00a0<\/strong>highlighting the innovative and design aspects of watches.<\/p>\t\t\t\t\t\t\t\t<\/div>\n\t\t\t\t<\/div>\n\t\t\t\t<\/div>\n\t\t<div class=\"elementor-element elementor-element-584946d e-con-full e-flex e-con e-child\" data-id=\"584946d\" data-element_type=\"container\" data-e-type=\"container\">\n\t\t<div class=\"elementor-element elementor-element-38cc547 e-con-full marquee e-flex e-con e-child\" data-id=\"38cc547\" data-element_type=\"container\" data-e-type=\"container\" data-settings=\"{&quot;background_background&quot;:&quot;classic&quot;}\">\n\t\t\t\t<\/div>\n\t\t\t\t<\/div>\n\t\t\t\t<\/div>\n\t\t<div class=\"elementor-element elementor-element-113a9bc e-flex e-con-boxed e-con e-parent\" data-id=\"113a9bc\" data-element_type=\"container\" data-e-type=\"container\">\n\t\t\t\t\t<div class=\"e-con-inner\">\n\t\t\t\t<div class=\"elementor-element elementor-element-8ff23f5 elementor-widget elementor-widget-image\" data-id=\"8ff23f5\" data-element_type=\"widget\" data-e-type=\"widget\" data-widget_type=\"image.default\">\n\t\t\t\t\t\t\t\t\t\t\t\t\t\t\t<img decoding=\"async\" width=\"800\" height=\"376\" src=\"https:\/\/dailyfresh-media.com\/wp-content\/uploads\/2026\/02\/2.gif\" class=\"attachment-large size-large wp-image-3172\" alt=\"\" \/>\t\t\t\t\t\t\t\t\t\t\t\t\t\t\t<\/div>\n\t\t\t\t\t<\/div>\n\t\t\t\t<\/div>\n\t\t<div class=\"elementor-element elementor-element-54d2986 e-flex e-con-boxed e-con e-parent\" data-id=\"54d2986\" data-element_type=\"container\" data-e-type=\"container\" data-settings=\"{&quot;background_background&quot;:&quot;classic&quot;}\">\n\t\t\t\t\t<div class=\"e-con-inner\">\n\t\t\t\t<div class=\"elementor-element elementor-element-5ce5708 elementor-widget elementor-widget-text-editor\" data-id=\"5ce5708\" data-element_type=\"widget\" data-e-type=\"widget\" data-widget_type=\"text-editor.default\">\n\t\t\t\t\t\t\t\t\t<p class=\"textanim-slide-up\">The Garmin Back to Basics 2022 campaign exceeded its objectives by combining digital impact, precise targeting and distribution in premium contexts.<br \/>Performance on YouTube, InStream and Display confirmed the effectiveness of an omnichannel and data-driven approach, paving the way for even more optimised campaigns in the future.<\/p>\t\t\t\t\t\t\t\t<\/div>\n\t\t\t\t\t<\/div>\n\t\t\t\t<\/div>\n\t\t<div class=\"elementor-element elementor-element-14f3e7a e-flex e-con-boxed e-con e-parent\" data-id=\"14f3e7a\" data-element_type=\"container\" data-e-type=\"container\" data-settings=\"{&quot;background_background&quot;:&quot;classic&quot;}\">\n\t\t\t\t\t<div class=\"e-con-inner\">\n\t\t\t\t<div class=\"elementor-element elementor-element-ba2e8a1 elementor-widget__width-initial elementor-widget elementor-widget-heading\" data-id=\"ba2e8a1\" data-element_type=\"widget\" data-e-type=\"widget\" data-widget_type=\"heading.default\">\n\t\t\t\t\t<h2 class=\"elementor-heading-title elementor-size-default\">Got a project in mind?\nLet's get to work.<\/h2>\t\t\t\t<\/div>\n\t\t\t\t<div class=\"elementor-element elementor-element-43739dc elementor-widget__width-initial elementor-widget-tablet__width-inherit elementor-widget elementor-widget-text-editor\" data-id=\"43739dc\" data-element_type=\"widget\" data-e-type=\"widget\" data-widget_type=\"text-editor.default\">\n\t\t\t\t\t\t\t\t\t<p>DailyFresh Media's expertise at your company's service to design unique advertising campaigns<\/p>\t\t\t\t\t\t\t\t<\/div>\n\t\t\t\t<div class=\"elementor-element elementor-element-150cead elementor-align-center elementor-mobile-align-justify elementor-widget elementor-widget-button\" data-id=\"150cead\" data-element_type=\"widget\" data-e-type=\"widget\" data-widget_type=\"button.default\">\n\t\t\t\t\t\t\t\t\t\t<a class=\"elementor-button elementor-button-link elementor-size-sm\" href=\"https:\/\/dailyfresh-media.com\/en\/contact\/\">\n\t\t\t\t\t\t<span class=\"elementor-button-content-wrapper\">\n\t\t\t\t\t\t\t\t\t<span class=\"elementor-button-text\">Starting my project<\/span>\n\t\t\t\t\t<\/span>\n\t\t\t\t\t<\/a>\n\t\t\t\t\t\t\t\t<\/div>\n\t\t\t\t\t<\/div>\n\t\t\t\t<\/div>\n\t\t\t\t<\/div>","protected":false},"excerpt":{"rendered":"<p>Campagne Back to Basics 2022 Cr\u00e9ation graphique D\u00e9ploiement Conseil Contexte etObjectifs Fin 2022, avec la r\u00e9gie publicitaireAdMySports du groupe DailyFresh Media, Garmin a lanc\u00e9 la campagne \u00ab\u00a0Back toBasics\u00a0\u00bb, visant \u00e0 renforcer la notori\u00e9t\u00e9 autour de sa gamme de smartwatches, notamment aupr\u00e8s des sportifs et des amateurs de nouvelles technologies. Les objectifs strat\u00e9giques \u00e9taient : \u2022 [&hellip;]<\/p>\n","protected":false},"author":1,"featured_media":0,"parent":175,"menu_order":0,"comment_status":"closed","ping_status":"closed","template":"","meta":{"footnotes":""},"class_list":["post-3169","page","type-page","status-publish","hentry"],"_links":{"self":[{"href":"https:\/\/dailyfresh-media.com\/en\/wp-json\/wp\/v2\/pages\/3169","targetHints":{"allow":["GET"]}}],"collection":[{"href":"https:\/\/dailyfresh-media.com\/en\/wp-json\/wp\/v2\/pages"}],"about":[{"href":"https:\/\/dailyfresh-media.com\/en\/wp-json\/wp\/v2\/types\/page"}],"author":[{"embeddable":true,"href":"https:\/\/dailyfresh-media.com\/en\/wp-json\/wp\/v2\/users\/1"}],"replies":[{"embeddable":true,"href":"https:\/\/dailyfresh-media.com\/en\/wp-json\/wp\/v2\/comments?post=3169"}],"version-history":[{"count":7,"href":"https:\/\/dailyfresh-media.com\/en\/wp-json\/wp\/v2\/pages\/3169\/revisions"}],"predecessor-version":[{"id":3232,"href":"https:\/\/dailyfresh-media.com\/en\/wp-json\/wp\/v2\/pages\/3169\/revisions\/3232"}],"up":[{"embeddable":true,"href":"https:\/\/dailyfresh-media.com\/en\/wp-json\/wp\/v2\/pages\/175"}],"wp:attachment":[{"href":"https:\/\/dailyfresh-media.com\/en\/wp-json\/wp\/v2\/media?parent=3169"}],"curies":[{"name":"wp","href":"https:\/\/api.w.org\/{rel}","templated":true}]}}