{"id":542,"date":"2024-02-09T09:10:18","date_gmt":"2024-02-09T09:10:18","guid":{"rendered":"https:\/\/dailyfresh-media.com\/?page_id=542"},"modified":"2026-01-08T11:58:32","modified_gmt":"2026-01-08T11:58:32","slug":"legal-information","status":"publish","type":"page","link":"https:\/\/dailyfresh-media.com\/en\/legal-information\/","title":{"rendered":"Legal information"},"content":{"rendered":"<div data-elementor-type=\"wp-page\" data-elementor-id=\"542\" class=\"elementor elementor-542\" data-elementor-post-type=\"page\">\n\t\t\t\t<div class=\"elementor-element elementor-element-36e1cf7 e-flex e-con-boxed e-con e-parent\" data-id=\"36e1cf7\" data-element_type=\"container\" data-e-type=\"container\">\n\t\t\t\t\t<div class=\"e-con-inner\">\n\t\t\t\t<div class=\"elementor-element elementor-element-00c9421 elementor-widget elementor-widget-heading\" data-id=\"00c9421\" data-element_type=\"widget\" data-e-type=\"widget\" data-widget_type=\"heading.default\">\n\t\t\t\t\t<h1 class=\"elementor-heading-title elementor-size-default\">Legal information<\/h1>\t\t\t\t<\/div>\n\t\t\t\t<div class=\"elementor-element elementor-element-c125dbe elementor-widget elementor-widget-heading\" data-id=\"c125dbe\" data-element_type=\"widget\" data-e-type=\"widget\" data-widget_type=\"heading.default\">\n\t\t\t\t\t<h2 class=\"elementor-heading-title elementor-size-default\">Editorial responsibility<\/h2>\t\t\t\t<\/div>\n\t\t\t\t<div class=\"elementor-element elementor-element-dbeb983 elementor-widget__width-initial elementor-widget-mobile__width-inherit elementor-widget elementor-widget-text-editor\" data-id=\"dbeb983\" data-element_type=\"widget\" data-e-type=\"widget\" data-widget_type=\"text-editor.default\">\n\t\t\t\t\t\t\t\t\t<p>Christophe Dugat is responsible for the editorial content of the www.dailyfresh-media.com website.<\/p>\t\t\t\t\t\t\t\t<\/div>\n\t\t\t\t<div class=\"elementor-element elementor-element-ed84b3e elementor-widget elementor-widget-heading\" data-id=\"ed84b3e\" data-element_type=\"widget\" data-e-type=\"widget\" data-widget_type=\"heading.default\">\n\t\t\t\t\t<h1 class=\"elementor-heading-title elementor-size-default\">Company<\/h1>\t\t\t\t<\/div>\n\t\t\t\t<div class=\"elementor-element elementor-element-9b9dcf5 elementor-widget__width-initial elementor-widget-mobile__width-inherit elementor-widget elementor-widget-text-editor\" data-id=\"9b9dcf5\" data-element_type=\"widget\" data-e-type=\"widget\" data-widget_type=\"text-editor.default\">\n\t\t\t\t\t\t\t\t\t<p>Allympic - DailyFresh Media - SARL<br \/>3 Rue des Pins<br \/>38000 Grenoble<br \/>SIRET: 49859802800039<\/p>\t\t\t\t\t\t\t\t<\/div>\n\t\t\t\t<div class=\"elementor-element elementor-element-dec79b5 elementor-widget elementor-widget-heading\" data-id=\"dec79b5\" data-element_type=\"widget\" data-e-type=\"widget\" data-widget_type=\"heading.default\">\n\t\t\t\t\t<h1 class=\"elementor-heading-title elementor-size-default\">Directed by<\/h1>\t\t\t\t<\/div>\n\t\t\t\t<div class=\"elementor-element elementor-element-03f2828 elementor-widget__width-initial elementor-widget-mobile__width-inherit elementor-widget elementor-widget-text-editor\" data-id=\"03f2828\" data-element_type=\"widget\" data-e-type=\"widget\" data-widget_type=\"text-editor.default\">\n\t\t\t\t\t\t\t\t\t<p>Topicimes - Web agency in Le Mans<br \/>3 Avenue Ren\u00e9 Laennec<br \/>72000 Le Mans<br \/>Telephone: 07 56 83 87 77<br \/><a href=\"https:\/\/topicimes.pro\/\" target=\"_blank\" rel=\"noopener\">https:\/\/topicimes.pro\/<\/a><\/p>\t\t\t\t\t\t\t\t<\/div>\n\t\t\t\t<div class=\"elementor-element elementor-element-ea5a9e6 elementor-widget elementor-widget-heading\" data-id=\"ea5a9e6\" data-element_type=\"widget\" data-e-type=\"widget\" data-widget_type=\"heading.default\">\n\t\t\t\t\t<h1 class=\"elementor-heading-title elementor-size-default\">Host<\/h1>\t\t\t\t<\/div>\n\t\t\t\t<div class=\"elementor-element elementor-element-36bb65b elementor-widget__width-initial elementor-widget-mobile__width-inherit elementor-widget elementor-widget-text-editor\" data-id=\"36bb65b\" data-element_type=\"widget\" data-e-type=\"widget\" data-widget_type=\"text-editor.default\">\n\t\t\t\t\t\t\t\t\t<p>Kinsta Inc.<br \/>Clarkesville, GA 30523<br \/>United States<br \/>legal@kinsta.com<\/p>\t\t\t\t\t\t\t\t<\/div>\n\t\t\t\t\t<\/div>\n\t\t\t\t<\/div>\n\t\t\t\t<\/div>","protected":false},"excerpt":{"rendered":"<p>Legal information Editorial responsibility Mr Christophe Dugat is the editorial director of the website www.dailyfresh-media.com Soci\u00e9t\u00e9 Allympic - DailyFresh Media - SARL3 Rue des Pins38000 GrenobleSIRET : 49859802800039 R\u00e9alisation Topicimes - Agence Web \u00e0 Le Mans3 Avenue Ren\u00e9 Laennec72000 Le MansT\u00e9l\u00e9phone : 07 56 83 87 77https:\/\/topicimes.pro\/ Host Kinsta Inc.Clarkesville, GA 30523United Stateslegal@kinsta.com<\/p>","protected":false},"author":1,"featured_media":0,"parent":0,"menu_order":0,"comment_status":"closed","ping_status":"closed","template":"","meta":{"footnotes":""},"class_list":["post-542","page","type-page","status-publish","hentry"],"_links":{"self":[{"href":"https:\/\/dailyfresh-media.com\/en\/wp-json\/wp\/v2\/pages\/542","targetHints":{"allow":["GET"]}}],"collection":[{"href":"https:\/\/dailyfresh-media.com\/en\/wp-json\/wp\/v2\/pages"}],"about":[{"href":"https:\/\/dailyfresh-media.com\/en\/wp-json\/wp\/v2\/types\/page"}],"author":[{"embeddable":true,"href":"https:\/\/dailyfresh-media.com\/en\/wp-json\/wp\/v2\/users\/1"}],"replies":[{"embeddable":true,"href":"https:\/\/dailyfresh-media.com\/en\/wp-json\/wp\/v2\/comments?post=542"}],"version-history":[{"count":0,"href":"https:\/\/dailyfresh-media.com\/en\/wp-json\/wp\/v2\/pages\/542\/revisions"}],"wp:attachment":[{"href":"https:\/\/dailyfresh-media.com\/en\/wp-json\/wp\/v2\/media?parent=542"}],"curies":[{"name":"wp","href":"https:\/\/api.w.org\/{rel}","templated":true}]}}